{"id":2305,"date":"2023-08-21T08:53:54","date_gmt":"2023-08-21T08:53:54","guid":{"rendered":"https:\/\/smart-skin.ro\/?page_id=2305"},"modified":"2023-08-21T08:56:01","modified_gmt":"2023-08-21T08:56:01","slug":"incontinenta","status":"publish","type":"page","link":"https:\/\/smart-skin.ro\/hu\/services\/incontinenta\/","title":{"rendered":"Inkontinencia"},"content":{"rendered":"<div class=\"vc_row wpb_row vc_row-fluid\"><div class=\"wpb_column vc_column_container vc_col-sm-12\"><div class=\"vc_column-inner\"><div class=\"wpb_wrapper\"><style type=\"text\/css\" data-type=\"the7_shortcodes-inline-css\">.gallery-carousel-shortcode.gallery-carousel-shortcode-id-bc658cd66c6304459e915a12a68a0510 .owl-nav a {\n  width: 40px;\n  height: 40px;\n  border-radius: 500px;\n}\n.dt-arrow-border-on.gallery-carousel-shortcode.gallery-carousel-shortcode-id-bc658cd66c6304459e915a12a68a0510 .owl-nav a:not(:hover):before {\n  border-width: 0px;\n}\n.dt-arrow-hover-border-on.gallery-carousel-shortcode.gallery-carousel-shortcode-id-bc658cd66c6304459e915a12a68a0510 .owl-nav a:hover:after {\n  border-width: 0px;\n}\n.gallery-carousel-shortcode.gallery-carousel-shortcode-id-bc658cd66c6304459e915a12a68a0510 .owl-nav a.owl-prev {\n  top: calc(100% + 20px);\n  left: 0px;\n}\n.gallery-carousel-shortcode.gallery-carousel-shortcode-id-bc658cd66c6304459e915a12a68a0510 .owl-nav a.owl-prev i {\n  padding: 0px 0px 0px 0px;\n}\n.gallery-carousel-shortcode.gallery-carousel-shortcode-id-bc658cd66c6304459e915a12a68a0510 .owl-nav a.owl-next {\n  top: calc(100% + 20px);\n  right: 0px;\n}\n.gallery-carousel-shortcode.gallery-carousel-shortcode-id-bc658cd66c6304459e915a12a68a0510 .owl-nav a.owl-next i {\n  padding: 0px 0px 0px 0px;\n}\n.gallery-carousel-shortcode.gallery-carousel-shortcode-id-bc658cd66c6304459e915a12a68a0510 .owl-nav i {\n  font-size: 24px;\n}\n.gallery-carousel-shortcode.gallery-carousel-shortcode-id-bc658cd66c6304459e915a12a68a0510 .owl-nav a:not(:hover) i,\n.gallery-carousel-shortcode.gallery-carousel-shortcode-id-bc658cd66c6304459e915a12a68a0510 .owl-nav a:not(:hover) i:before {\n  color: rgba(0,0,0,0.2);\n  background: none;\n}\n.gallery-carousel-shortcode.gallery-carousel-shortcode-id-bc658cd66c6304459e915a12a68a0510 .owl-nav a:hover i,\n.gallery-carousel-shortcode.gallery-carousel-shortcode-id-bc658cd66c6304459e915a12a68a0510 .owl-nav a:hover i:before {\n  color: rgba(0,0,0,0.3);\n  background: none;\n}\n.gallery-carousel-shortcode.gallery-carousel-shortcode-id-bc658cd66c6304459e915a12a68a0510 .owl-dots {\n  top: 50%;\n  transform: translateY(calc(-50% + 20px));\n  left: 50%;\n  transform: translateX(calc(-50% + 0px));\n  transform: translate3d(calc(-50% + 0px),calc(-50% + 20px),0);\n}\n@media all and (-ms-high-contrast: none) {\n  .gallery-carousel-shortcode.gallery-carousel-shortcode-id-bc658cd66c6304459e915a12a68a0510 .owl-dots {\n    transform: translateY(-50%);\n    margin-top: 0px;\n  }\n}\n@media all and (-ms-high-contrast: none) {\n  .gallery-carousel-shortcode.gallery-carousel-shortcode-id-bc658cd66c6304459e915a12a68a0510 .owl-dots {\n    transform: translateX(-50%);\n    margin-left: 0px;\n  }\n}\n.gallery-carousel-shortcode.gallery-carousel-shortcode-id-bc658cd66c6304459e915a12a68a0510 .owl-dot {\n  width: 8px;\n  height: 8px;\n  margin: 0 6px;\n}\n.bullets-scale-up.gallery-carousel-shortcode.gallery-carousel-shortcode-id-bc658cd66c6304459e915a12a68a0510 .owl-dot:not(.active):not(:hover) span {\n  background: rgba(0,0,0,0.2);\n  box-shadow: none;\n}\n.bullets-scale-up.gallery-carousel-shortcode.gallery-carousel-shortcode-id-bc658cd66c6304459e915a12a68a0510 .owl-dot:not(.active):hover span,\n.bullets-scale-up.gallery-carousel-shortcode.gallery-carousel-shortcode-id-bc658cd66c6304459e915a12a68a0510 .owl-dot.active span {\n  background: rgba(0,0,0,0.3);\n  box-shadow: none;\n}\n.bullets-stroke.gallery-carousel-shortcode.gallery-carousel-shortcode-id-bc658cd66c6304459e915a12a68a0510 .owl-dot:not(.active):not(:hover) span {\n  background: rgba(0,0,0,0.2);\n  box-shadow: none;\n}\n.bullets-stroke.gallery-carousel-shortcode.gallery-carousel-shortcode-id-bc658cd66c6304459e915a12a68a0510 .owl-dot:not(.active):hover span {\n  background: rgba(0,0,0,0.3);\n  box-shadow: none;\n}\n.bullets-stroke.gallery-carousel-shortcode.gallery-carousel-shortcode-id-bc658cd66c6304459e915a12a68a0510 .owl-dot.active span {\n  box-shadow: 0 0 0 2px rgba(0,0,0,0.3);\n}\n.bullets-fill-in.gallery-carousel-shortcode.gallery-carousel-shortcode-id-bc658cd66c6304459e915a12a68a0510 .owl-dot:not(.active):not(:hover) span {\n  box-shadow: inset 0 0 0 2px rgba(0,0,0,0.2);\n}\n.bullets-fill-in.gallery-carousel-shortcode.gallery-carousel-shortcode-id-bc658cd66c6304459e915a12a68a0510 .owl-dot:not(.active):hover span {\n  box-shadow: inset 0 0 0 2px rgba(0,0,0,0.3);\n}\n.bullets-fill-in.gallery-carousel-shortcode.gallery-carousel-shortcode-id-bc658cd66c6304459e915a12a68a0510 .owl-dot.active span {\n  box-shadow: inset 0 0 0 20px rgba(0,0,0,0.3);\n}\n.bullets-small-dot-stroke.gallery-carousel-shortcode.gallery-carousel-shortcode-id-bc658cd66c6304459e915a12a68a0510 .owl-dot:not(.active):not(:hover) span {\n  background: rgba(0,0,0,0.2);\n  box-shadow: none;\n}\n.bullets-small-dot-stroke.gallery-carousel-shortcode.gallery-carousel-shortcode-id-bc658cd66c6304459e915a12a68a0510 .owl-dot:not(.active):hover span,\n.bullets-small-dot-stroke.gallery-carousel-shortcode.gallery-carousel-shortcode-id-bc658cd66c6304459e915a12a68a0510 .owl-dot.active span {\n  background: rgba(0,0,0,0.3);\n  box-shadow: none;\n}\n.bullets-small-dot-stroke.gallery-carousel-shortcode.gallery-carousel-shortcode-id-bc658cd66c6304459e915a12a68a0510 .owl-dot.active {\n  box-shadow: 0 0 0 2px rgba(0,0,0,0.3);\n}\n.bullets-ubax.gallery-carousel-shortcode.gallery-carousel-shortcode-id-bc658cd66c6304459e915a12a68a0510 .owl-dot span {\n  background: rgba(0,0,0,0.2);\n  box-shadow: none;\n}\n.bullets-ubax.gallery-carousel-shortcode.gallery-carousel-shortcode-id-bc658cd66c6304459e915a12a68a0510 .owl-dot.active span {\n  border-color: rgba(0,0,0,0.3);\n}\n.bullets-ubax.gallery-carousel-shortcode.gallery-carousel-shortcode-id-bc658cd66c6304459e915a12a68a0510 .owl-dot:not(.active):hover span {\n  background: rgba(0,0,0,0.3);\n  box-shadow: none;\n}\n.bullets-etefu.gallery-carousel-shortcode.gallery-carousel-shortcode-id-bc658cd66c6304459e915a12a68a0510 .owl-dot span {\n  background: rgba(0,0,0,0.2);\n  box-shadow: none;\n}\n.bullets-etefu.gallery-carousel-shortcode.gallery-carousel-shortcode-id-bc658cd66c6304459e915a12a68a0510 .owl-dot:not(.active):hover span {\n  background: rgba(0,0,0,0.3);\n  box-shadow: none;\n}\n.bullets-etefu.gallery-carousel-shortcode.gallery-carousel-shortcode-id-bc658cd66c6304459e915a12a68a0510 .owl-dot span:before {\n  background: rgba(0,0,0,0.3);\n  box-shadow: none;\n}\n.accent-gradient .bullets-etefu.gallery-carousel-shortcode.gallery-carousel-shortcode-id-bc658cd66c6304459e915a12a68a0510 .owl-dot span:before {\n  background: rgba(0,0,0,0.3);\n  box-shadow: none;\n}\n@media screen and (max-width: 778px) {\n  .gallery-carousel-shortcode.gallery-carousel-shortcode-id-bc658cd66c6304459e915a12a68a0510.hide-arrows .owl-nav a {\n    display: none;\n  }\n}\n@media screen and (max-width: 778px) {\n  .gallery-carousel-shortcode.gallery-carousel-shortcode-id-bc658cd66c6304459e915a12a68a0510.reposition-arrows .owl-nav .owl-prev {\n    top: calc(100% + 20px);\n    left: 10px;\n  }\n  .gallery-carousel-shortcode.gallery-carousel-shortcode-id-bc658cd66c6304459e915a12a68a0510.reposition-arrows .owl-nav .owl-next {\n    top: calc(100% + 20px);\n    right: 10px;\n  }\n}\n.gallery-carousel-shortcode.gallery-carousel-shortcode-id-bc658cd66c6304459e915a12a68a0510 figure,\n.gallery-carousel-shortcode.gallery-carousel-shortcode-id-bc658cd66c6304459e915a12a68a0510 .rollover,\n.gallery-carousel-shortcode.gallery-carousel-shortcode-id-bc658cd66c6304459e915a12a68a0510 img,\n.gallery-carousel-shortcode.gallery-carousel-shortcode-id-bc658cd66c6304459e915a12a68a0510 .gallery-rollover {\n  border-radius: 0px;\n}\n.gallery-carousel-shortcode.gallery-carousel-shortcode-id-bc658cd66c6304459e915a12a68a0510.enable-bg-rollover .gallery-rollover {\n  background: -webkit-linear-gradient();\n  background: linear-gradient();\n}\n.gallery-carousel-shortcode.gallery-carousel-shortcode-id-bc658cd66c6304459e915a12a68a0510.enable-img-shadow .owl-stage-outer {\n  padding: 34px 0;\n}\n.gallery-carousel-shortcode.gallery-carousel-shortcode-id-bc658cd66c6304459e915a12a68a0510.enable-bg-rollover.hover-scale figure .rollover:after {\n  background: -webkit-linear-gradient();\n  background: linear-gradient();\n}\n.gallery-carousel-shortcode.gallery-carousel-shortcode-id-bc658cd66c6304459e915a12a68a0510.gallery-shortcode .gallery-zoom-ico {\n  width: 44px;\n  height: 44px;\n  line-height: 44px;\n  border-radius: 100px;\n  margin: -22px 0 0 -22px;\n  border-width: 0px;\n}\n.dt-icon-bg-on.gallery-carousel-shortcode.gallery-carousel-shortcode-id-bc658cd66c6304459e915a12a68a0510.gallery-shortcode .gallery-zoom-ico {\n  background: rgba(255,255,255,0.3);\n  box-shadow: none;\n}\n.gallery-carousel-shortcode.gallery-carousel-shortcode-id-bc658cd66c6304459e915a12a68a0510.gallery-shortcode .gallery-zoom-ico:before,\n.gallery-carousel-shortcode.gallery-carousel-shortcode-id-bc658cd66c6304459e915a12a68a0510.gallery-shortcode .gallery-zoom-ico span {\n  font-size: 32px;\n  line-height: 44px;\n  color: #ffffff;\n  background: none;\n}\n<\/style><div class=\"owl-carousel gallery-carousel-shortcode gallery-shortcode  dt-gallery-container dt-owl-carousel-call gallery-carousel-shortcode-id-bc658cd66c6304459e915a12a68a0510 scale-img meta-info-off bullets-scale-up dt-icon-bg-off arrows-bg-off disable-arrows-hover-bg arrows-hover-bg-off  vc_custom_1692608107778 hover-fade\" data-scroll-mode=\"1\" data-col-num=\"2\" data-wide-col-num=\"2\" data-laptop-col=\"2\" data-h-tablet-columns-num=\"2\" data-v-tablet-columns-num=\"1\" data-phone-columns-num=\"1\" data-col-gap=\"30\" data-stage-padding=\"0\" data-speed=\"1000\" data-autoplay=\"false\" data-autoplay_speed=\"6000\" data-arrows=\"true\" data-bullet=\"true\" data-next-icon=\"icon-ar-013-r\" data-prev-icon=\"icon-ar-013-l\" data-img-shadow-size=\"12px\" data-img-shadow-spread=\"3px\"><div data-post-id=\"2307\" data-date=\"2023-08-21T08:55:03+00:00\" data-name=\"WhatsApp Image 2023-08-21 at 11.52.22\"><figure class=\"post\"><a href=\"https:\/\/smart-skin.ro\/wp-content\/uploads\/2023\/08\/WhatsApp-Image-2023-08-21-at-11.52.22.jpg\" class=\"rollover dt-pswp-item layzr-bg\" data-large_image_width=\"667\" data-large_image_height=\"1000\" data-dt-img-description=\"\" title=\"WhatsApp Image 2023-08-21 at 11.52.22\"><img class=\"preload-me owl-lazy-load\" src=\"data:image\/svg+xml,%3Csvg%20xmlns%3D&#39;http%3A%2F%2Fwww.w3.org%2F2000%2Fsvg&#39;%20viewBox%3D&#39;0%200%20667%20667&#39;%2F%3E\" data-src=\"https:\/\/smart-skin.ro\/wp-content\/uploads\/2023\/08\/WhatsApp-Image-2023-08-21-at-11.52.22-667x667.jpg\" data-srcset=\"https:\/\/smart-skin.ro\/wp-content\/uploads\/2023\/08\/WhatsApp-Image-2023-08-21-at-11.52.22-667x667.jpg 667w\" alt=\"\" width=\"667\" height=\"667\"  \/><span class=\"gallery-rollover\"><\/span><\/a><\/figure><\/div><\/div><\/div><\/div><\/div><\/div><div class=\"vc_row wpb_row vc_row-fluid\"><div class=\"wpb_column vc_column_container vc_col-sm-12\"><div class=\"vc_column-inner\"><div class=\"wpb_wrapper\">\n\t<div class=\"wpb_text_column wpb_content_element\" >\n\t\t<div class=\"wpb_wrapper\">\n\t\t\t<p>Nem tudja, helyesen v\u00e9gzi-e a g\u00e1tizomtorn\u00e1t? Nincs ideje rendszeresen v\u00e9gezni a gyakorlatokat? Az EMS g\u00e9ppel folytatott egyetlen 30 perces kezel\u00e9s t\u00f6bb ezernyi medencefen\u00e9k izom \u00f6sszeh\u00faz\u00f3d\u00e1st eredm\u00e9nyez, amely rendk\u00edv\u00fcl fontos az izmok er\u0151s\u00edt\u00e9s\u00e9ben. A kezel\u00e9s ruh\u00e1ban t\u00f6rt\u00e9nik, teljesen\u00a0f\u00e1jdalommentes.<\/p>\n\n\t\t<\/div>\n\t<\/div>\n<\/div><\/div><\/div><\/div><div class=\"vc_row wpb_row vc_row-fluid\"><div class=\"wpb_column vc_column_container vc_col-sm-12\"><div class=\"vc_column-inner\"><div class=\"wpb_wrapper\"><\/div><\/div><\/div><\/div>","protected":false},"excerpt":{"rendered":"<p>Nu \u0219tii dac\u0103 faci corect antrenamentul de mers? Nu ave\u021bi timp s\u0103 face\u021bi exerci\u021biile \u00een mod regulat? O singur\u0103 sesiune de 30 de minute cu aparatul EMS va determina contrac\u021bia a mii de mu\u0219chi ai plan\u0219eului pelvian, ceea ce este extrem de important pentru \u00eent\u0103rirea mu\u0219chilor. Tratamentul se efectueaz\u0103 cu hainele pe tine \u0219i este&hellip;<\/p>","protected":false},"author":2,"featured_media":0,"parent":7,"menu_order":100,"comment_status":"closed","ping_status":"closed","template":"","meta":[],"yoast_head":"<!-- This site is optimized with the Yoast SEO plugin v17.5 - https:\/\/yoast.com\/wordpress\/plugins\/seo\/ -->\n<title>Incontinen\u021b\u0103 - Smart Skin<\/title>\n<meta name=\"robots\" content=\"index, follow, max-snippet:-1, max-image-preview:large, max-video-preview:-1\" \/>\n<link rel=\"canonical\" href=\"https:\/\/smart-skin.ro\/hu\/services\/incontinenta\/\" \/>\n<meta property=\"og:locale\" content=\"hu_HU\" \/>\n<meta property=\"og:type\" content=\"article\" \/>\n<meta property=\"og:title\" content=\"Incontinen\u021b\u0103 - Smart Skin\" \/>\n<meta property=\"og:url\" content=\"https:\/\/smart-skin.ro\/hu\/services\/incontinenta\/\" \/>\n<meta property=\"og:site_name\" content=\"Smart Skin\" \/>\n<meta property=\"article:modified_time\" content=\"2023-08-21T08:56:01+00:00\" \/>\n<meta name=\"twitter:card\" content=\"summary_large_image\" \/>\n<meta name=\"twitter:label1\" content=\"Becs\u00fclt olvas\u00e1si id\u0151\" \/>\n\t<meta name=\"twitter:data1\" content=\"2 perc\" \/>\n<script type=\"application\/ld+json\" class=\"yoast-schema-graph\">{\"@context\":\"https:\/\/schema.org\",\"@graph\":[{\"@type\":\"WebSite\",\"@id\":\"https:\/\/smart-skin.ro\/#website\",\"url\":\"https:\/\/smart-skin.ro\/\",\"name\":\"Smart Skin\",\"description\":\"Just another WordPress site\",\"potentialAction\":[{\"@type\":\"SearchAction\",\"target\":{\"@type\":\"EntryPoint\",\"urlTemplate\":\"https:\/\/smart-skin.ro\/?s={search_term_string}\"},\"query-input\":\"required name=search_term_string\"}],\"inLanguage\":\"hu\"},{\"@type\":\"WebPage\",\"@id\":\"https:\/\/smart-skin.ro\/services\/incontinenta\/#webpage\",\"url\":\"https:\/\/smart-skin.ro\/services\/incontinenta\/\",\"name\":\"Incontinen\\u021b\\u0103 - Smart Skin\",\"isPartOf\":{\"@id\":\"https:\/\/smart-skin.ro\/#website\"},\"datePublished\":\"2023-08-21T08:53:54+00:00\",\"dateModified\":\"2023-08-21T08:56:01+00:00\",\"breadcrumb\":{\"@id\":\"https:\/\/smart-skin.ro\/services\/incontinenta\/#breadcrumb\"},\"inLanguage\":\"hu\",\"potentialAction\":[{\"@type\":\"ReadAction\",\"target\":[\"https:\/\/smart-skin.ro\/services\/incontinenta\/\"]}]},{\"@type\":\"BreadcrumbList\",\"@id\":\"https:\/\/smart-skin.ro\/services\/incontinenta\/#breadcrumb\",\"itemListElement\":[{\"@type\":\"ListItem\",\"position\":1,\"name\":\"Acas\\u0103\",\"item\":\"https:\/\/smart-skin.ro\/\"},{\"@type\":\"ListItem\",\"position\":2,\"name\":\"Servicii\",\"item\":\"https:\/\/smart-skin.ro\/services\/\"},{\"@type\":\"ListItem\",\"position\":3,\"name\":\"Incontinen\\u021b\\u0103\"}]}]}<\/script>\n<!-- \/ Yoast SEO plugin. -->","yoast_head_json":{"title":"Incontinen\u021b\u0103 - Smart Skin","robots":{"index":"index","follow":"follow","max-snippet":"max-snippet:-1","max-image-preview":"max-image-preview:large","max-video-preview":"max-video-preview:-1"},"canonical":"https:\/\/smart-skin.ro\/hu\/services\/incontinenta\/","og_locale":"hu_HU","og_type":"article","og_title":"Incontinen\u021b\u0103 - Smart Skin","og_url":"https:\/\/smart-skin.ro\/hu\/services\/incontinenta\/","og_site_name":"Smart Skin","article_modified_time":"2023-08-21T08:56:01+00:00","twitter_card":"summary_large_image","twitter_misc":{"Becs\u00fclt olvas\u00e1si id\u0151":"2 perc"},"schema":{"@context":"https:\/\/schema.org","@graph":[{"@type":"WebSite","@id":"https:\/\/smart-skin.ro\/#website","url":"https:\/\/smart-skin.ro\/","name":"Smart Skin","description":"Just another WordPress site","potentialAction":[{"@type":"SearchAction","target":{"@type":"EntryPoint","urlTemplate":"https:\/\/smart-skin.ro\/?s={search_term_string}"},"query-input":"required name=search_term_string"}],"inLanguage":"hu"},{"@type":"WebPage","@id":"https:\/\/smart-skin.ro\/services\/incontinenta\/#webpage","url":"https:\/\/smart-skin.ro\/services\/incontinenta\/","name":"Incontinen\u021b\u0103 - Smart Skin","isPartOf":{"@id":"https:\/\/smart-skin.ro\/#website"},"datePublished":"2023-08-21T08:53:54+00:00","dateModified":"2023-08-21T08:56:01+00:00","breadcrumb":{"@id":"https:\/\/smart-skin.ro\/services\/incontinenta\/#breadcrumb"},"inLanguage":"hu","potentialAction":[{"@type":"ReadAction","target":["https:\/\/smart-skin.ro\/services\/incontinenta\/"]}]},{"@type":"BreadcrumbList","@id":"https:\/\/smart-skin.ro\/services\/incontinenta\/#breadcrumb","itemListElement":[{"@type":"ListItem","position":1,"name":"Acas\u0103","item":"https:\/\/smart-skin.ro\/"},{"@type":"ListItem","position":2,"name":"Servicii","item":"https:\/\/smart-skin.ro\/services\/"},{"@type":"ListItem","position":3,"name":"Incontinen\u021b\u0103"}]}]}},"_links":{"self":[{"href":"https:\/\/smart-skin.ro\/hu\/wp-json\/wp\/v2\/pages\/2305"}],"collection":[{"href":"https:\/\/smart-skin.ro\/hu\/wp-json\/wp\/v2\/pages"}],"about":[{"href":"https:\/\/smart-skin.ro\/hu\/wp-json\/wp\/v2\/types\/page"}],"author":[{"embeddable":true,"href":"https:\/\/smart-skin.ro\/hu\/wp-json\/wp\/v2\/users\/2"}],"replies":[{"embeddable":true,"href":"https:\/\/smart-skin.ro\/hu\/wp-json\/wp\/v2\/comments?post=2305"}],"version-history":[{"count":3,"href":"https:\/\/smart-skin.ro\/hu\/wp-json\/wp\/v2\/pages\/2305\/revisions"}],"predecessor-version":[{"id":2311,"href":"https:\/\/smart-skin.ro\/hu\/wp-json\/wp\/v2\/pages\/2305\/revisions\/2311"}],"up":[{"embeddable":true,"href":"https:\/\/smart-skin.ro\/hu\/wp-json\/wp\/v2\/pages\/7"}],"wp:attachment":[{"href":"https:\/\/smart-skin.ro\/hu\/wp-json\/wp\/v2\/media?parent=2305"}],"curies":[{"name":"wp","href":"https:\/\/api.w.org\/{rel}","templated":true}]}}