{"id":2247,"date":"2023-08-15T06:51:07","date_gmt":"2023-08-15T06:51:07","guid":{"rendered":"https:\/\/smart-skin.ro\/?page_id=2247"},"modified":"2023-08-23T09:03:10","modified_gmt":"2023-08-23T09:03:10","slug":"terapia-cu-lumina-led","status":"publish","type":"page","link":"https:\/\/smart-skin.ro\/hu\/services\/terapia-cu-lumina-led\/","title":{"rendered":"LED f\u00e9nyter\u00e1pia"},"content":{"rendered":"<div class=\"vc_row wpb_row vc_row-fluid\"><div class=\"wpb_column vc_column_container vc_col-sm-12\"><div class=\"vc_column-inner\"><div class=\"wpb_wrapper\"><style type=\"text\/css\" data-type=\"the7_shortcodes-inline-css\">.gallery-carousel-shortcode.gallery-carousel-shortcode-id-00715cf5d8d1dbf4d27bc6212fea9f01 .owl-nav a {\n  width: 40px;\n  height: 40px;\n  border-radius: 500px;\n}\n.dt-arrow-border-on.gallery-carousel-shortcode.gallery-carousel-shortcode-id-00715cf5d8d1dbf4d27bc6212fea9f01 .owl-nav a:not(:hover):before {\n  border-width: 0px;\n}\n.dt-arrow-hover-border-on.gallery-carousel-shortcode.gallery-carousel-shortcode-id-00715cf5d8d1dbf4d27bc6212fea9f01 .owl-nav a:hover:after {\n  border-width: 0px;\n}\n.gallery-carousel-shortcode.gallery-carousel-shortcode-id-00715cf5d8d1dbf4d27bc6212fea9f01 .owl-nav a.owl-prev {\n  top: calc(100% + 20px);\n  left: 0px;\n}\n.gallery-carousel-shortcode.gallery-carousel-shortcode-id-00715cf5d8d1dbf4d27bc6212fea9f01 .owl-nav a.owl-prev i {\n  padding: 0px 0px 0px 0px;\n}\n.gallery-carousel-shortcode.gallery-carousel-shortcode-id-00715cf5d8d1dbf4d27bc6212fea9f01 .owl-nav a.owl-next {\n  top: calc(100% + 20px);\n  right: 0px;\n}\n.gallery-carousel-shortcode.gallery-carousel-shortcode-id-00715cf5d8d1dbf4d27bc6212fea9f01 .owl-nav a.owl-next i {\n  padding: 0px 0px 0px 0px;\n}\n.gallery-carousel-shortcode.gallery-carousel-shortcode-id-00715cf5d8d1dbf4d27bc6212fea9f01 .owl-nav i {\n  font-size: 24px;\n}\n.gallery-carousel-shortcode.gallery-carousel-shortcode-id-00715cf5d8d1dbf4d27bc6212fea9f01 .owl-nav a:not(:hover) i,\n.gallery-carousel-shortcode.gallery-carousel-shortcode-id-00715cf5d8d1dbf4d27bc6212fea9f01 .owl-nav a:not(:hover) i:before {\n  color: rgba(0,0,0,0.2);\n  background: none;\n}\n.gallery-carousel-shortcode.gallery-carousel-shortcode-id-00715cf5d8d1dbf4d27bc6212fea9f01 .owl-nav a:hover i,\n.gallery-carousel-shortcode.gallery-carousel-shortcode-id-00715cf5d8d1dbf4d27bc6212fea9f01 .owl-nav a:hover i:before {\n  color: rgba(0,0,0,0.3);\n  background: none;\n}\n.gallery-carousel-shortcode.gallery-carousel-shortcode-id-00715cf5d8d1dbf4d27bc6212fea9f01 .owl-dots {\n  top: 50%;\n  transform: translateY(calc(-50% + 20px));\n  left: 50%;\n  transform: translateX(calc(-50% + 0px));\n  transform: translate3d(calc(-50% + 0px),calc(-50% + 20px),0);\n}\n@media all and (-ms-high-contrast: none) {\n  .gallery-carousel-shortcode.gallery-carousel-shortcode-id-00715cf5d8d1dbf4d27bc6212fea9f01 .owl-dots {\n    transform: translateY(-50%);\n    margin-top: 0px;\n  }\n}\n@media all and (-ms-high-contrast: none) {\n  .gallery-carousel-shortcode.gallery-carousel-shortcode-id-00715cf5d8d1dbf4d27bc6212fea9f01 .owl-dots {\n    transform: translateX(-50%);\n    margin-left: 0px;\n  }\n}\n.gallery-carousel-shortcode.gallery-carousel-shortcode-id-00715cf5d8d1dbf4d27bc6212fea9f01 .owl-dot {\n  width: 8px;\n  height: 8px;\n  margin: 0 6px;\n}\n.bullets-scale-up.gallery-carousel-shortcode.gallery-carousel-shortcode-id-00715cf5d8d1dbf4d27bc6212fea9f01 .owl-dot:not(.active):not(:hover) span {\n  background: rgba(0,0,0,0.2);\n  box-shadow: none;\n}\n.bullets-scale-up.gallery-carousel-shortcode.gallery-carousel-shortcode-id-00715cf5d8d1dbf4d27bc6212fea9f01 .owl-dot:not(.active):hover span,\n.bullets-scale-up.gallery-carousel-shortcode.gallery-carousel-shortcode-id-00715cf5d8d1dbf4d27bc6212fea9f01 .owl-dot.active span {\n  background: rgba(0,0,0,0.3);\n  box-shadow: none;\n}\n.bullets-stroke.gallery-carousel-shortcode.gallery-carousel-shortcode-id-00715cf5d8d1dbf4d27bc6212fea9f01 .owl-dot:not(.active):not(:hover) span {\n  background: rgba(0,0,0,0.2);\n  box-shadow: none;\n}\n.bullets-stroke.gallery-carousel-shortcode.gallery-carousel-shortcode-id-00715cf5d8d1dbf4d27bc6212fea9f01 .owl-dot:not(.active):hover span {\n  background: rgba(0,0,0,0.3);\n  box-shadow: none;\n}\n.bullets-stroke.gallery-carousel-shortcode.gallery-carousel-shortcode-id-00715cf5d8d1dbf4d27bc6212fea9f01 .owl-dot.active span {\n  box-shadow: 0 0 0 2px rgba(0,0,0,0.3);\n}\n.bullets-fill-in.gallery-carousel-shortcode.gallery-carousel-shortcode-id-00715cf5d8d1dbf4d27bc6212fea9f01 .owl-dot:not(.active):not(:hover) span {\n  box-shadow: inset 0 0 0 2px rgba(0,0,0,0.2);\n}\n.bullets-fill-in.gallery-carousel-shortcode.gallery-carousel-shortcode-id-00715cf5d8d1dbf4d27bc6212fea9f01 .owl-dot:not(.active):hover span {\n  box-shadow: inset 0 0 0 2px rgba(0,0,0,0.3);\n}\n.bullets-fill-in.gallery-carousel-shortcode.gallery-carousel-shortcode-id-00715cf5d8d1dbf4d27bc6212fea9f01 .owl-dot.active span {\n  box-shadow: inset 0 0 0 20px rgba(0,0,0,0.3);\n}\n.bullets-small-dot-stroke.gallery-carousel-shortcode.gallery-carousel-shortcode-id-00715cf5d8d1dbf4d27bc6212fea9f01 .owl-dot:not(.active):not(:hover) span {\n  background: rgba(0,0,0,0.2);\n  box-shadow: none;\n}\n.bullets-small-dot-stroke.gallery-carousel-shortcode.gallery-carousel-shortcode-id-00715cf5d8d1dbf4d27bc6212fea9f01 .owl-dot:not(.active):hover span,\n.bullets-small-dot-stroke.gallery-carousel-shortcode.gallery-carousel-shortcode-id-00715cf5d8d1dbf4d27bc6212fea9f01 .owl-dot.active span {\n  background: rgba(0,0,0,0.3);\n  box-shadow: none;\n}\n.bullets-small-dot-stroke.gallery-carousel-shortcode.gallery-carousel-shortcode-id-00715cf5d8d1dbf4d27bc6212fea9f01 .owl-dot.active {\n  box-shadow: 0 0 0 2px rgba(0,0,0,0.3);\n}\n.bullets-ubax.gallery-carousel-shortcode.gallery-carousel-shortcode-id-00715cf5d8d1dbf4d27bc6212fea9f01 .owl-dot span {\n  background: rgba(0,0,0,0.2);\n  box-shadow: none;\n}\n.bullets-ubax.gallery-carousel-shortcode.gallery-carousel-shortcode-id-00715cf5d8d1dbf4d27bc6212fea9f01 .owl-dot.active span {\n  border-color: rgba(0,0,0,0.3);\n}\n.bullets-ubax.gallery-carousel-shortcode.gallery-carousel-shortcode-id-00715cf5d8d1dbf4d27bc6212fea9f01 .owl-dot:not(.active):hover span {\n  background: rgba(0,0,0,0.3);\n  box-shadow: none;\n}\n.bullets-etefu.gallery-carousel-shortcode.gallery-carousel-shortcode-id-00715cf5d8d1dbf4d27bc6212fea9f01 .owl-dot span {\n  background: rgba(0,0,0,0.2);\n  box-shadow: none;\n}\n.bullets-etefu.gallery-carousel-shortcode.gallery-carousel-shortcode-id-00715cf5d8d1dbf4d27bc6212fea9f01 .owl-dot:not(.active):hover span {\n  background: rgba(0,0,0,0.3);\n  box-shadow: none;\n}\n.bullets-etefu.gallery-carousel-shortcode.gallery-carousel-shortcode-id-00715cf5d8d1dbf4d27bc6212fea9f01 .owl-dot span:before {\n  background: rgba(0,0,0,0.3);\n  box-shadow: none;\n}\n.accent-gradient .bullets-etefu.gallery-carousel-shortcode.gallery-carousel-shortcode-id-00715cf5d8d1dbf4d27bc6212fea9f01 .owl-dot span:before {\n  background: rgba(0,0,0,0.3);\n  box-shadow: none;\n}\n@media screen and (max-width: 778px) {\n  .gallery-carousel-shortcode.gallery-carousel-shortcode-id-00715cf5d8d1dbf4d27bc6212fea9f01.hide-arrows .owl-nav a {\n    display: none;\n  }\n}\n@media screen and (max-width: 778px) {\n  .gallery-carousel-shortcode.gallery-carousel-shortcode-id-00715cf5d8d1dbf4d27bc6212fea9f01.reposition-arrows .owl-nav .owl-prev {\n    top: calc(100% + 20px);\n    left: 10px;\n  }\n  .gallery-carousel-shortcode.gallery-carousel-shortcode-id-00715cf5d8d1dbf4d27bc6212fea9f01.reposition-arrows .owl-nav .owl-next {\n    top: calc(100% + 20px);\n    right: 10px;\n  }\n}\n.gallery-carousel-shortcode.gallery-carousel-shortcode-id-00715cf5d8d1dbf4d27bc6212fea9f01 figure,\n.gallery-carousel-shortcode.gallery-carousel-shortcode-id-00715cf5d8d1dbf4d27bc6212fea9f01 .rollover,\n.gallery-carousel-shortcode.gallery-carousel-shortcode-id-00715cf5d8d1dbf4d27bc6212fea9f01 img,\n.gallery-carousel-shortcode.gallery-carousel-shortcode-id-00715cf5d8d1dbf4d27bc6212fea9f01 .gallery-rollover {\n  border-radius: 0px;\n}\n.gallery-carousel-shortcode.gallery-carousel-shortcode-id-00715cf5d8d1dbf4d27bc6212fea9f01.enable-bg-rollover .gallery-rollover {\n  background: -webkit-linear-gradient();\n  background: linear-gradient();\n}\n.gallery-carousel-shortcode.gallery-carousel-shortcode-id-00715cf5d8d1dbf4d27bc6212fea9f01.enable-img-shadow .owl-stage-outer {\n  padding: 34px 0;\n}\n.gallery-carousel-shortcode.gallery-carousel-shortcode-id-00715cf5d8d1dbf4d27bc6212fea9f01.enable-bg-rollover.hover-scale figure .rollover:after {\n  background: -webkit-linear-gradient();\n  background: linear-gradient();\n}\n.gallery-carousel-shortcode.gallery-carousel-shortcode-id-00715cf5d8d1dbf4d27bc6212fea9f01.gallery-shortcode .gallery-zoom-ico {\n  width: 44px;\n  height: 44px;\n  line-height: 44px;\n  border-radius: 100px;\n  margin: -22px 0 0 -22px;\n  border-width: 0px;\n}\n.dt-icon-bg-on.gallery-carousel-shortcode.gallery-carousel-shortcode-id-00715cf5d8d1dbf4d27bc6212fea9f01.gallery-shortcode .gallery-zoom-ico {\n  background: rgba(255,255,255,0.3);\n  box-shadow: none;\n}\n.gallery-carousel-shortcode.gallery-carousel-shortcode-id-00715cf5d8d1dbf4d27bc6212fea9f01.gallery-shortcode .gallery-zoom-ico:before,\n.gallery-carousel-shortcode.gallery-carousel-shortcode-id-00715cf5d8d1dbf4d27bc6212fea9f01.gallery-shortcode .gallery-zoom-ico span {\n  font-size: 32px;\n  line-height: 44px;\n  color: #ffffff;\n  background: none;\n}\n<\/style><div class=\"owl-carousel gallery-carousel-shortcode gallery-shortcode  dt-gallery-container dt-owl-carousel-call gallery-carousel-shortcode-id-00715cf5d8d1dbf4d27bc6212fea9f01 scale-img meta-info-off bullets-scale-up dt-icon-bg-off arrows-bg-off disable-arrows-hover-bg arrows-hover-bg-off  vc_custom_1692781386257 hover-fade\" data-scroll-mode=\"1\" data-col-num=\"2\" data-wide-col-num=\"2\" data-laptop-col=\"2\" data-h-tablet-columns-num=\"2\" data-v-tablet-columns-num=\"1\" data-phone-columns-num=\"1\" data-col-gap=\"30\" data-stage-padding=\"0\" data-speed=\"1000\" data-autoplay=\"false\" data-autoplay_speed=\"6000\" data-arrows=\"true\" data-bullet=\"true\" data-next-icon=\"icon-ar-013-r\" data-prev-icon=\"icon-ar-013-l\" data-img-shadow-size=\"12px\" data-img-shadow-spread=\"3px\"><div data-post-id=\"2358\" data-date=\"2023-08-23T09:01:49+00:00\" data-name=\"WhatsApp Image 2023-08-23 at 11.17.59\"><figure class=\"post\"><a href=\"https:\/\/smart-skin.ro\/wp-content\/uploads\/2023\/08\/WhatsApp-Image-2023-08-23-at-11.17.59.jpg\" class=\"rollover dt-pswp-item layzr-bg\" data-large_image_width=\"1200\" data-large_image_height=\"1600\" data-dt-img-description=\"\" title=\"WhatsApp Image 2023-08-23 at 11.17.59\"><img class=\"preload-me owl-lazy-load\" src=\"data:image\/svg+xml,%3Csvg%20xmlns%3D&#39;http%3A%2F%2Fwww.w3.org%2F2000%2Fsvg&#39;%20viewBox%3D&#39;0%200%201200%201200&#39;%2F%3E\" data-src=\"https:\/\/smart-skin.ro\/wp-content\/uploads\/2023\/08\/WhatsApp-Image-2023-08-23-at-11.17.59-1200x1200.jpg\" data-srcset=\"https:\/\/smart-skin.ro\/wp-content\/uploads\/2023\/08\/WhatsApp-Image-2023-08-23-at-11.17.59-1200x1200.jpg 1200w\" alt=\"\" width=\"1200\" height=\"1200\"  \/><span class=\"gallery-rollover\"><\/span><\/a><\/figure><\/div><\/div><\/div><\/div><\/div><\/div><div class=\"vc_row wpb_row vc_row-fluid\"><div class=\"wpb_column vc_column_container vc_col-sm-12\"><div class=\"vc_column-inner\"><div class=\"wpb_wrapper\">\n\t<div class=\"wpb_text_column wpb_content_element\" >\n\t\t<div class=\"wpb_wrapper\">\n\t\t\t<p>A LED f\u00e9nyter\u00e1pia kiv\u00e1l\u00f3an alkalmas egyebek k\u00f6zt f\u00e1jdalomcsillap\u00edt\u00e1sra, rehabilit\u00e1ci\u00f3ra, sebgy\u00f3gy\u00edt\u00e1sra, b\u0151rhib\u00e1k (pl. hegek, pattan\u00e1sok, pigment foltok) cs\u00f6kkent\u00e9s\u00e9re, a b\u0151r szerkezet\u00e9nek jav\u00edt\u00e1s\u00e1ra, valamint b\u0151rt\u00e1pl\u00e1l\u00f3 hat\u00f3anyagok felsz\u00edv\u00f3d\u00e1s\u00e1nak jav\u00edt\u00e1s\u00e1ra.<\/p>\n<p>Melyik LED f\u00e9ny mire j\u00f3?<\/p>\n<p>Kozmetikai c\u00e9lokra a v\u00f6r\u00f6s, a k\u00e9k, a s\u00e1rga \u00e9s az infrav\u00f6r\u00f6s LED f\u00e9nyt haszn\u00e1lj\u00e1k sz\u00e9les k\u00f6rben.<\/p>\n<p>K\u00e9k LED f\u00e9ny \u2013 Pattan\u00e1skezel\u00e9s, gyullad\u00e1scs\u00f6kkent\u00e9s<\/p>\n<p>A k\u00e9k LED f\u00e9ny a b\u0151rfelsz\u00edn kezel\u00e9s\u00e9re aj\u00e1nlott, ugyanis behatol\u00e1si m\u00e9lys\u00e9ge igen kicsi, f\u0151leg a felh\u00e1mra korl\u00e1toz\u00f3dik. Els\u0151sorban pattan\u00e1sok cs\u00f6kkent\u00e9s\u00e9re haszn\u00e1lj\u00e1k, ugyanis egyed\u00fcl\u00e1ll\u00f3 m\u00f3don k\u00e9pes elpuszt\u00edtani azokat a gennykelt\u0151 bakt\u00e9riumokat, amelyek az akn\u00e9t okozz\u00e1k. Emellett m\u00e9rs\u00e9kli a gyullad\u00e1st is.<\/p>\n<p>S\u00e1rga LED f\u00e9ny \u2013 B\u0151rnyugtat\u00e1s, kering\u00e9sfokoz\u00e1s<\/p>\n<p>A s\u00e1rga LED f\u00e9nyter\u00e1pia jav\u00edtja a nyirok- \u00e9s v\u00e9rkering\u00e9st, fokozza az anyagcser\u00e9t, seg\u00edtve ezzel a m\u00e9regtelen\u00edt\u00e9st. B\u0151rnyugtat\u00f3 hat\u00e1s\u00e1nak k\u00f6sz\u00f6nhet\u0151en kozmetikai kezel\u00e9sek (pl. h\u00e1mlaszt\u00e1s) ut\u00e1n is gyakran haszn\u00e1lj\u00e1k. Hozz\u00e1j\u00e1rulhat a b\u0151r\u00f6n megjelen\u0151 pigment\u00e1ci\u00f3k (m\u00e1jfoltok, szepl\u0151k) cs\u00f6kkent\u00e9s\u00e9hez is.<\/p>\n<p>Infrav\u00f6r\u00f6s LED f\u00e9ny \u2013 F\u00e1jdalomcsillap\u00edt\u00e1s, kering\u00e9sfokoz\u00e1s<\/p>\n<p>Az infrav\u00f6r\u00f6s LED f\u00e9ny igen m\u00e9lyre behatol a testbe, felmeleg\u00edti a sz\u00f6veteket, ez\u00e9rt kiv\u00e1l\u00f3 f\u00e1jdalomcsillap\u00edt\u00f3.<\/p>\n<p>A kozmetik\u00e1ban els\u0151sorban kering\u00e9sfokoz\u00e1sra, m\u00e9regtelen\u00edt\u00e9sre, gyullad\u00e1scs\u00f6kkent\u00e9sre \u00e9s b\u0151rt\u00e1pl\u00e1l\u00f3 anyagok felsz\u00edv\u00f3d\u00e1s\u00e1nak jav\u00edt\u00e1s\u00e1ra haszn\u00e1lj\u00e1k. Hozz\u00e1j\u00e1rulhat \u00faj kollag\u00e9n-rostok termel\u0151d\u00e9s\u00e9hez\u00a0is.<\/p>\n\n\t\t<\/div>\n\t<\/div>\n<\/div><\/div><\/div><\/div><div class=\"vc_row wpb_row vc_row-fluid\"><div class=\"wpb_column vc_column_container vc_col-sm-12\"><div class=\"vc_column-inner\"><div class=\"wpb_wrapper\"><\/div><\/div><\/div><\/div>","protected":false},"excerpt":{"rendered":"<p>Terapia cu lumin\u0103 LED este excelent\u0103 pentru ameliorarea durerii, reabilitare, vindecarea r\u0103nilor, reducerea imperfec\u021biunilor pielii (de exemplu, cicatrici, acnee, pete pigmentare), \u00eembun\u0103t\u0103\u021birea texturii pielii \u0219i \u00eembun\u0103t\u0103\u021birea absorb\u021biei agen\u021bilor de hr\u0103nire a pielii, printre altele. Care lumin\u0103 LED este bun\u0103 pentru ce? Lumina LED ro\u0219ie, albastr\u0103, galben\u0103 \u0219i infraro\u0219ie sunt utilizate pe scar\u0103 larg\u0103 \u00een scopuri&hellip;<\/p>","protected":false},"author":2,"featured_media":0,"parent":7,"menu_order":100,"comment_status":"closed","ping_status":"closed","template":"","meta":[],"yoast_head":"<!-- This site is optimized with the Yoast SEO plugin v17.5 - https:\/\/yoast.com\/wordpress\/plugins\/seo\/ -->\n<title>Terapia cu lumin\u0103 LED - Smart Skin<\/title>\n<meta name=\"robots\" content=\"index, follow, max-snippet:-1, max-image-preview:large, max-video-preview:-1\" \/>\n<link rel=\"canonical\" href=\"https:\/\/smart-skin.ro\/hu\/services\/terapia-cu-lumina-led\/\" \/>\n<meta property=\"og:locale\" content=\"hu_HU\" \/>\n<meta property=\"og:type\" content=\"article\" \/>\n<meta property=\"og:title\" content=\"Terapia cu lumin\u0103 LED - Smart Skin\" \/>\n<meta property=\"og:url\" content=\"https:\/\/smart-skin.ro\/hu\/services\/terapia-cu-lumina-led\/\" \/>\n<meta property=\"og:site_name\" content=\"Smart Skin\" \/>\n<meta property=\"article:modified_time\" content=\"2023-08-23T09:03:10+00:00\" \/>\n<meta name=\"twitter:card\" content=\"summary_large_image\" \/>\n<meta name=\"twitter:label1\" content=\"Becs\u00fclt olvas\u00e1si id\u0151\" \/>\n\t<meta name=\"twitter:data1\" content=\"2 perc\" \/>\n<script type=\"application\/ld+json\" class=\"yoast-schema-graph\">{\"@context\":\"https:\/\/schema.org\",\"@graph\":[{\"@type\":\"WebSite\",\"@id\":\"https:\/\/smart-skin.ro\/#website\",\"url\":\"https:\/\/smart-skin.ro\/\",\"name\":\"Smart Skin\",\"description\":\"Just another WordPress site\",\"potentialAction\":[{\"@type\":\"SearchAction\",\"target\":{\"@type\":\"EntryPoint\",\"urlTemplate\":\"https:\/\/smart-skin.ro\/?s={search_term_string}\"},\"query-input\":\"required name=search_term_string\"}],\"inLanguage\":\"hu\"},{\"@type\":\"WebPage\",\"@id\":\"https:\/\/smart-skin.ro\/services\/terapia-cu-lumina-led\/#webpage\",\"url\":\"https:\/\/smart-skin.ro\/services\/terapia-cu-lumina-led\/\",\"name\":\"Terapia cu lumin\\u0103 LED - Smart Skin\",\"isPartOf\":{\"@id\":\"https:\/\/smart-skin.ro\/#website\"},\"datePublished\":\"2023-08-15T06:51:07+00:00\",\"dateModified\":\"2023-08-23T09:03:10+00:00\",\"breadcrumb\":{\"@id\":\"https:\/\/smart-skin.ro\/services\/terapia-cu-lumina-led\/#breadcrumb\"},\"inLanguage\":\"hu\",\"potentialAction\":[{\"@type\":\"ReadAction\",\"target\":[\"https:\/\/smart-skin.ro\/services\/terapia-cu-lumina-led\/\"]}]},{\"@type\":\"BreadcrumbList\",\"@id\":\"https:\/\/smart-skin.ro\/services\/terapia-cu-lumina-led\/#breadcrumb\",\"itemListElement\":[{\"@type\":\"ListItem\",\"position\":1,\"name\":\"Acas\\u0103\",\"item\":\"https:\/\/smart-skin.ro\/\"},{\"@type\":\"ListItem\",\"position\":2,\"name\":\"Servicii\",\"item\":\"https:\/\/smart-skin.ro\/services\/\"},{\"@type\":\"ListItem\",\"position\":3,\"name\":\"Terapia cu lumin\\u0103 LED\"}]}]}<\/script>\n<!-- \/ Yoast SEO plugin. -->","yoast_head_json":{"title":"Terapia cu lumin\u0103 LED - Smart Skin","robots":{"index":"index","follow":"follow","max-snippet":"max-snippet:-1","max-image-preview":"max-image-preview:large","max-video-preview":"max-video-preview:-1"},"canonical":"https:\/\/smart-skin.ro\/hu\/services\/terapia-cu-lumina-led\/","og_locale":"hu_HU","og_type":"article","og_title":"Terapia cu lumin\u0103 LED - Smart Skin","og_url":"https:\/\/smart-skin.ro\/hu\/services\/terapia-cu-lumina-led\/","og_site_name":"Smart Skin","article_modified_time":"2023-08-23T09:03:10+00:00","twitter_card":"summary_large_image","twitter_misc":{"Becs\u00fclt olvas\u00e1si id\u0151":"2 perc"},"schema":{"@context":"https:\/\/schema.org","@graph":[{"@type":"WebSite","@id":"https:\/\/smart-skin.ro\/#website","url":"https:\/\/smart-skin.ro\/","name":"Smart Skin","description":"Just another WordPress site","potentialAction":[{"@type":"SearchAction","target":{"@type":"EntryPoint","urlTemplate":"https:\/\/smart-skin.ro\/?s={search_term_string}"},"query-input":"required name=search_term_string"}],"inLanguage":"hu"},{"@type":"WebPage","@id":"https:\/\/smart-skin.ro\/services\/terapia-cu-lumina-led\/#webpage","url":"https:\/\/smart-skin.ro\/services\/terapia-cu-lumina-led\/","name":"Terapia cu lumin\u0103 LED - Smart Skin","isPartOf":{"@id":"https:\/\/smart-skin.ro\/#website"},"datePublished":"2023-08-15T06:51:07+00:00","dateModified":"2023-08-23T09:03:10+00:00","breadcrumb":{"@id":"https:\/\/smart-skin.ro\/services\/terapia-cu-lumina-led\/#breadcrumb"},"inLanguage":"hu","potentialAction":[{"@type":"ReadAction","target":["https:\/\/smart-skin.ro\/services\/terapia-cu-lumina-led\/"]}]},{"@type":"BreadcrumbList","@id":"https:\/\/smart-skin.ro\/services\/terapia-cu-lumina-led\/#breadcrumb","itemListElement":[{"@type":"ListItem","position":1,"name":"Acas\u0103","item":"https:\/\/smart-skin.ro\/"},{"@type":"ListItem","position":2,"name":"Servicii","item":"https:\/\/smart-skin.ro\/services\/"},{"@type":"ListItem","position":3,"name":"Terapia cu lumin\u0103 LED"}]}]}},"_links":{"self":[{"href":"https:\/\/smart-skin.ro\/hu\/wp-json\/wp\/v2\/pages\/2247"}],"collection":[{"href":"https:\/\/smart-skin.ro\/hu\/wp-json\/wp\/v2\/pages"}],"about":[{"href":"https:\/\/smart-skin.ro\/hu\/wp-json\/wp\/v2\/types\/page"}],"author":[{"embeddable":true,"href":"https:\/\/smart-skin.ro\/hu\/wp-json\/wp\/v2\/users\/2"}],"replies":[{"embeddable":true,"href":"https:\/\/smart-skin.ro\/hu\/wp-json\/wp\/v2\/comments?post=2247"}],"version-history":[{"count":2,"href":"https:\/\/smart-skin.ro\/hu\/wp-json\/wp\/v2\/pages\/2247\/revisions"}],"predecessor-version":[{"id":2359,"href":"https:\/\/smart-skin.ro\/hu\/wp-json\/wp\/v2\/pages\/2247\/revisions\/2359"}],"up":[{"embeddable":true,"href":"https:\/\/smart-skin.ro\/hu\/wp-json\/wp\/v2\/pages\/7"}],"wp:attachment":[{"href":"https:\/\/smart-skin.ro\/hu\/wp-json\/wp\/v2\/media?parent=2247"}],"curies":[{"name":"wp","href":"https:\/\/api.w.org\/{rel}","templated":true}]}}