{"id":2243,"date":"2023-08-15T06:43:38","date_gmt":"2023-08-15T06:43:38","guid":{"rendered":"https:\/\/smart-skin.ro\/?page_id=2243"},"modified":"2023-08-15T06:43:41","modified_gmt":"2023-08-15T06:43:41","slug":"microdermabraziune","status":"publish","type":"page","link":"https:\/\/smart-skin.ro\/hu\/services\/microdermabraziune\/","title":{"rendered":"Microdermabr\u00e1zio"},"content":{"rendered":"<div class=\"vc_row wpb_row vc_row-fluid\"><div class=\"wpb_column vc_column_container vc_col-sm-12\"><div class=\"vc_column-inner\"><div class=\"wpb_wrapper\"><style type=\"text\/css\" data-type=\"the7_shortcodes-inline-css\">.gallery-carousel-shortcode.gallery-carousel-shortcode-id-d8f945d7ee32d0e3f7d61d21dba120ec .owl-nav a {\n  width: 40px;\n  height: 40px;\n  border-radius: 500px;\n}\n.dt-arrow-border-on.gallery-carousel-shortcode.gallery-carousel-shortcode-id-d8f945d7ee32d0e3f7d61d21dba120ec .owl-nav a:not(:hover):before {\n  border-width: 0px;\n}\n.dt-arrow-hover-border-on.gallery-carousel-shortcode.gallery-carousel-shortcode-id-d8f945d7ee32d0e3f7d61d21dba120ec .owl-nav a:hover:after {\n  border-width: 0px;\n}\n.gallery-carousel-shortcode.gallery-carousel-shortcode-id-d8f945d7ee32d0e3f7d61d21dba120ec .owl-nav a.owl-prev {\n  top: calc(100% + 20px);\n  left: 0px;\n}\n.gallery-carousel-shortcode.gallery-carousel-shortcode-id-d8f945d7ee32d0e3f7d61d21dba120ec .owl-nav a.owl-prev i {\n  padding: 0px 0px 0px 0px;\n}\n.gallery-carousel-shortcode.gallery-carousel-shortcode-id-d8f945d7ee32d0e3f7d61d21dba120ec .owl-nav a.owl-next {\n  top: calc(100% + 20px);\n  right: 0px;\n}\n.gallery-carousel-shortcode.gallery-carousel-shortcode-id-d8f945d7ee32d0e3f7d61d21dba120ec .owl-nav a.owl-next i {\n  padding: 0px 0px 0px 0px;\n}\n.gallery-carousel-shortcode.gallery-carousel-shortcode-id-d8f945d7ee32d0e3f7d61d21dba120ec .owl-nav i {\n  font-size: 24px;\n}\n.gallery-carousel-shortcode.gallery-carousel-shortcode-id-d8f945d7ee32d0e3f7d61d21dba120ec .owl-nav a:not(:hover) i,\n.gallery-carousel-shortcode.gallery-carousel-shortcode-id-d8f945d7ee32d0e3f7d61d21dba120ec .owl-nav a:not(:hover) i:before {\n  color: rgba(0,0,0,0.2);\n  background: none;\n}\n.gallery-carousel-shortcode.gallery-carousel-shortcode-id-d8f945d7ee32d0e3f7d61d21dba120ec .owl-nav a:hover i,\n.gallery-carousel-shortcode.gallery-carousel-shortcode-id-d8f945d7ee32d0e3f7d61d21dba120ec .owl-nav a:hover i:before {\n  color: rgba(0,0,0,0.3);\n  background: none;\n}\n.gallery-carousel-shortcode.gallery-carousel-shortcode-id-d8f945d7ee32d0e3f7d61d21dba120ec .owl-dots {\n  top: 50%;\n  transform: translateY(calc(-50% + 20px));\n  left: 50%;\n  transform: translateX(calc(-50% + 0px));\n  transform: translate3d(calc(-50% + 0px),calc(-50% + 20px),0);\n}\n@media all and (-ms-high-contrast: none) {\n  .gallery-carousel-shortcode.gallery-carousel-shortcode-id-d8f945d7ee32d0e3f7d61d21dba120ec .owl-dots {\n    transform: translateY(-50%);\n    margin-top: 0px;\n  }\n}\n@media all and (-ms-high-contrast: none) {\n  .gallery-carousel-shortcode.gallery-carousel-shortcode-id-d8f945d7ee32d0e3f7d61d21dba120ec .owl-dots {\n    transform: translateX(-50%);\n    margin-left: 0px;\n  }\n}\n.gallery-carousel-shortcode.gallery-carousel-shortcode-id-d8f945d7ee32d0e3f7d61d21dba120ec .owl-dot {\n  width: 8px;\n  height: 8px;\n  margin: 0 6px;\n}\n.bullets-scale-up.gallery-carousel-shortcode.gallery-carousel-shortcode-id-d8f945d7ee32d0e3f7d61d21dba120ec .owl-dot:not(.active):not(:hover) span {\n  background: rgba(0,0,0,0.2);\n  box-shadow: none;\n}\n.bullets-scale-up.gallery-carousel-shortcode.gallery-carousel-shortcode-id-d8f945d7ee32d0e3f7d61d21dba120ec .owl-dot:not(.active):hover span,\n.bullets-scale-up.gallery-carousel-shortcode.gallery-carousel-shortcode-id-d8f945d7ee32d0e3f7d61d21dba120ec .owl-dot.active span {\n  background: rgba(0,0,0,0.3);\n  box-shadow: none;\n}\n.bullets-stroke.gallery-carousel-shortcode.gallery-carousel-shortcode-id-d8f945d7ee32d0e3f7d61d21dba120ec .owl-dot:not(.active):not(:hover) span {\n  background: rgba(0,0,0,0.2);\n  box-shadow: none;\n}\n.bullets-stroke.gallery-carousel-shortcode.gallery-carousel-shortcode-id-d8f945d7ee32d0e3f7d61d21dba120ec .owl-dot:not(.active):hover span {\n  background: rgba(0,0,0,0.3);\n  box-shadow: none;\n}\n.bullets-stroke.gallery-carousel-shortcode.gallery-carousel-shortcode-id-d8f945d7ee32d0e3f7d61d21dba120ec .owl-dot.active span {\n  box-shadow: 0 0 0 2px rgba(0,0,0,0.3);\n}\n.bullets-fill-in.gallery-carousel-shortcode.gallery-carousel-shortcode-id-d8f945d7ee32d0e3f7d61d21dba120ec .owl-dot:not(.active):not(:hover) span {\n  box-shadow: inset 0 0 0 2px rgba(0,0,0,0.2);\n}\n.bullets-fill-in.gallery-carousel-shortcode.gallery-carousel-shortcode-id-d8f945d7ee32d0e3f7d61d21dba120ec .owl-dot:not(.active):hover span {\n  box-shadow: inset 0 0 0 2px rgba(0,0,0,0.3);\n}\n.bullets-fill-in.gallery-carousel-shortcode.gallery-carousel-shortcode-id-d8f945d7ee32d0e3f7d61d21dba120ec .owl-dot.active span {\n  box-shadow: inset 0 0 0 20px rgba(0,0,0,0.3);\n}\n.bullets-small-dot-stroke.gallery-carousel-shortcode.gallery-carousel-shortcode-id-d8f945d7ee32d0e3f7d61d21dba120ec .owl-dot:not(.active):not(:hover) span {\n  background: rgba(0,0,0,0.2);\n  box-shadow: none;\n}\n.bullets-small-dot-stroke.gallery-carousel-shortcode.gallery-carousel-shortcode-id-d8f945d7ee32d0e3f7d61d21dba120ec .owl-dot:not(.active):hover span,\n.bullets-small-dot-stroke.gallery-carousel-shortcode.gallery-carousel-shortcode-id-d8f945d7ee32d0e3f7d61d21dba120ec .owl-dot.active span {\n  background: rgba(0,0,0,0.3);\n  box-shadow: none;\n}\n.bullets-small-dot-stroke.gallery-carousel-shortcode.gallery-carousel-shortcode-id-d8f945d7ee32d0e3f7d61d21dba120ec .owl-dot.active {\n  box-shadow: 0 0 0 2px rgba(0,0,0,0.3);\n}\n.bullets-ubax.gallery-carousel-shortcode.gallery-carousel-shortcode-id-d8f945d7ee32d0e3f7d61d21dba120ec .owl-dot span {\n  background: rgba(0,0,0,0.2);\n  box-shadow: none;\n}\n.bullets-ubax.gallery-carousel-shortcode.gallery-carousel-shortcode-id-d8f945d7ee32d0e3f7d61d21dba120ec .owl-dot.active span {\n  border-color: rgba(0,0,0,0.3);\n}\n.bullets-ubax.gallery-carousel-shortcode.gallery-carousel-shortcode-id-d8f945d7ee32d0e3f7d61d21dba120ec .owl-dot:not(.active):hover span {\n  background: rgba(0,0,0,0.3);\n  box-shadow: none;\n}\n.bullets-etefu.gallery-carousel-shortcode.gallery-carousel-shortcode-id-d8f945d7ee32d0e3f7d61d21dba120ec .owl-dot span {\n  background: rgba(0,0,0,0.2);\n  box-shadow: none;\n}\n.bullets-etefu.gallery-carousel-shortcode.gallery-carousel-shortcode-id-d8f945d7ee32d0e3f7d61d21dba120ec .owl-dot:not(.active):hover span {\n  background: rgba(0,0,0,0.3);\n  box-shadow: none;\n}\n.bullets-etefu.gallery-carousel-shortcode.gallery-carousel-shortcode-id-d8f945d7ee32d0e3f7d61d21dba120ec .owl-dot span:before {\n  background: rgba(0,0,0,0.3);\n  box-shadow: none;\n}\n.accent-gradient .bullets-etefu.gallery-carousel-shortcode.gallery-carousel-shortcode-id-d8f945d7ee32d0e3f7d61d21dba120ec .owl-dot span:before {\n  background: rgba(0,0,0,0.3);\n  box-shadow: none;\n}\n@media screen and (max-width: 778px) {\n  .gallery-carousel-shortcode.gallery-carousel-shortcode-id-d8f945d7ee32d0e3f7d61d21dba120ec.hide-arrows .owl-nav a {\n    display: none;\n  }\n}\n@media screen and (max-width: 778px) {\n  .gallery-carousel-shortcode.gallery-carousel-shortcode-id-d8f945d7ee32d0e3f7d61d21dba120ec.reposition-arrows .owl-nav .owl-prev {\n    top: calc(100% + 20px);\n    left: 10px;\n  }\n  .gallery-carousel-shortcode.gallery-carousel-shortcode-id-d8f945d7ee32d0e3f7d61d21dba120ec.reposition-arrows .owl-nav .owl-next {\n    top: calc(100% + 20px);\n    right: 10px;\n  }\n}\n.gallery-carousel-shortcode.gallery-carousel-shortcode-id-d8f945d7ee32d0e3f7d61d21dba120ec figure,\n.gallery-carousel-shortcode.gallery-carousel-shortcode-id-d8f945d7ee32d0e3f7d61d21dba120ec .rollover,\n.gallery-carousel-shortcode.gallery-carousel-shortcode-id-d8f945d7ee32d0e3f7d61d21dba120ec img,\n.gallery-carousel-shortcode.gallery-carousel-shortcode-id-d8f945d7ee32d0e3f7d61d21dba120ec .gallery-rollover {\n  border-radius: 0px;\n}\n.gallery-carousel-shortcode.gallery-carousel-shortcode-id-d8f945d7ee32d0e3f7d61d21dba120ec.enable-bg-rollover .gallery-rollover {\n  background: -webkit-linear-gradient();\n  background: linear-gradient();\n}\n.gallery-carousel-shortcode.gallery-carousel-shortcode-id-d8f945d7ee32d0e3f7d61d21dba120ec.enable-img-shadow .owl-stage-outer {\n  padding: 34px 0;\n}\n.gallery-carousel-shortcode.gallery-carousel-shortcode-id-d8f945d7ee32d0e3f7d61d21dba120ec.enable-bg-rollover.hover-scale figure .rollover:after {\n  background: -webkit-linear-gradient();\n  background: linear-gradient();\n}\n.gallery-carousel-shortcode.gallery-carousel-shortcode-id-d8f945d7ee32d0e3f7d61d21dba120ec.gallery-shortcode .gallery-zoom-ico {\n  width: 44px;\n  height: 44px;\n  line-height: 44px;\n  border-radius: 100px;\n  margin: -22px 0 0 -22px;\n  border-width: 0px;\n}\n.dt-icon-bg-on.gallery-carousel-shortcode.gallery-carousel-shortcode-id-d8f945d7ee32d0e3f7d61d21dba120ec.gallery-shortcode .gallery-zoom-ico {\n  background: rgba(255,255,255,0.3);\n  box-shadow: none;\n}\n.gallery-carousel-shortcode.gallery-carousel-shortcode-id-d8f945d7ee32d0e3f7d61d21dba120ec.gallery-shortcode .gallery-zoom-ico:before,\n.gallery-carousel-shortcode.gallery-carousel-shortcode-id-d8f945d7ee32d0e3f7d61d21dba120ec.gallery-shortcode .gallery-zoom-ico span {\n  font-size: 32px;\n  line-height: 44px;\n  color: #ffffff;\n  background: none;\n}\n<\/style><div class=\"owl-carousel gallery-carousel-shortcode gallery-shortcode  dt-gallery-container dt-owl-carousel-call gallery-carousel-shortcode-id-d8f945d7ee32d0e3f7d61d21dba120ec scale-img meta-info-off bullets-scale-up dt-icon-bg-off arrows-bg-off disable-arrows-hover-bg arrows-hover-bg-off  vc_custom_1692081745935 hover-fade\" data-scroll-mode=\"1\" data-col-num=\"2\" data-wide-col-num=\"2\" data-laptop-col=\"2\" data-h-tablet-columns-num=\"2\" data-v-tablet-columns-num=\"1\" data-phone-columns-num=\"1\" data-col-gap=\"30\" data-stage-padding=\"0\" data-speed=\"1000\" data-autoplay=\"false\" data-autoplay_speed=\"6000\" data-arrows=\"true\" data-bullet=\"true\" data-next-icon=\"icon-ar-013-r\" data-prev-icon=\"icon-ar-013-l\" data-img-shadow-size=\"12px\" data-img-shadow-spread=\"3px\"><div data-post-id=\"2244\" data-date=\"2023-08-15T06:42:19+00:00\" data-name=\"9\"><figure class=\"post\"><a href=\"https:\/\/smart-skin.ro\/wp-content\/uploads\/2023\/08\/9.jpg\" class=\"rollover dt-pswp-item layzr-bg\" data-large_image_width=\"326\" data-large_image_height=\"490\" data-dt-img-description=\"\" title=\"9\"><img class=\"preload-me owl-lazy-load\" src=\"data:image\/svg+xml,%3Csvg%20xmlns%3D&#39;http%3A%2F%2Fwww.w3.org%2F2000%2Fsvg&#39;%20viewBox%3D&#39;0%200%20326%20326&#39;%2F%3E\" data-src=\"https:\/\/smart-skin.ro\/wp-content\/uploads\/2023\/08\/9-326x326.jpg\" data-srcset=\"https:\/\/smart-skin.ro\/wp-content\/uploads\/2023\/08\/9-326x326.jpg 326w\" alt=\"\" width=\"326\" height=\"326\"  \/><span class=\"gallery-rollover\"><\/span><\/a><\/figure><\/div><\/div><\/div><\/div><\/div><\/div><div class=\"vc_row wpb_row vc_row-fluid\"><div class=\"wpb_column vc_column_container vc_col-sm-12\"><div class=\"vc_column-inner\"><div class=\"wpb_wrapper\">\n\t<div class=\"wpb_text_column wpb_content_element\" >\n\t\t<div class=\"wpb_wrapper\">\n\t\t\t<p>A dermabr\u00e1zi\u00f3, m\u00e1s n\u00e9ven b\u0151rcsiszol\u00e1s az egyik leghat\u00e1sosabb b\u0151rfiatal\u00edt\u00f3 kozmetikai kezel\u00e9s. A b\u0151rcsiszol\u00e1s sor\u00e1n a b\u0151r elhalt h\u00e1mr\u00e9teg\u00e9t t\u00e1vol\u00edtj\u00e1k el, hat\u00e1s\u00e1ra a b\u0151r meg\u00fajul, puha \u00e9s b\u00e1rsonyos lesz.<\/p>\n<p>Az elj\u00e1r\u00e1s f\u00e1jdalommentes, \u00e9s alkalmas probl\u00e9m\u00e1s b\u0151r, akn\u00e9s hegek, t\u00e1g p\u00f3rusok \u00e9s pigmentfoltok kezel\u00e9s\u00e9re. Legnagyobb hat\u00e9konys\u00e1g a gy\u00e9m\u00e1ntfejes mikrodermabr\u00e1zi\u00f3val \u00e9rhet\u0151 el.<\/p>\n<p>Az anti aging kezel\u00e9sek a b\u0151rfelsz\u00edn meg\u00faj\u00edt\u00e1s\u00e1ra szolg\u00e1lnak, seg\u00edtenek egyr\u00e9szt megel\u0151zni \u00e9s lass\u00edtani a b\u0151r \u00f6reged\u00e9si folyamat\u00e1t, m\u00e1sr\u00e9szt a m\u00e1r kialakult elv\u00e1ltoz\u00e1sok helyre\u00e1ll\u00edt\u00e1s\u00e1ban is\u00a0eredm\u00e9nyesek.<\/p>\n\n\t\t<\/div>\n\t<\/div>\n<\/div><\/div><\/div><\/div><div class=\"vc_row wpb_row vc_row-fluid\"><div class=\"wpb_column vc_column_container vc_col-sm-12\"><div class=\"vc_column-inner\"><div class=\"wpb_wrapper\"><\/div><\/div><\/div><\/div>","protected":false},"excerpt":{"rendered":"<p>Dermabraziunea, cunoscut\u0103 \u0219i sub numele de resurfacing cutanat, este unul dintre cele mai eficiente tratamente cosmetice de \u00eentinerire a pielii. Refacerea pielii este un proces care \u00eendep\u0103rteaz\u0103 celulele moarte ale pielii, l\u0103s\u00e2nd pielea re\u00eennoit\u0103, moale \u0219i catifelat\u0103. Procedura este nedureroas\u0103 \u0219i este potrivit\u0103 pentru tratarea pielii cu probleme, a cicatricilor de acnee, a porilor dilata\u021bi&hellip;<\/p>","protected":false},"author":2,"featured_media":0,"parent":7,"menu_order":100,"comment_status":"closed","ping_status":"closed","template":"","meta":[],"yoast_head":"<!-- This site is optimized with the Yoast SEO plugin v17.5 - https:\/\/yoast.com\/wordpress\/plugins\/seo\/ -->\n<title>Microdermabraziune - Smart Skin<\/title>\n<meta name=\"robots\" content=\"index, follow, max-snippet:-1, max-image-preview:large, max-video-preview:-1\" \/>\n<link rel=\"canonical\" href=\"https:\/\/smart-skin.ro\/hu\/services\/microdermabraziune\/\" \/>\n<meta property=\"og:locale\" content=\"hu_HU\" \/>\n<meta property=\"og:type\" content=\"article\" \/>\n<meta property=\"og:title\" content=\"Microdermabraziune - Smart Skin\" \/>\n<meta property=\"og:url\" content=\"https:\/\/smart-skin.ro\/hu\/services\/microdermabraziune\/\" \/>\n<meta property=\"og:site_name\" content=\"Smart Skin\" \/>\n<meta property=\"article:modified_time\" content=\"2023-08-15T06:43:41+00:00\" \/>\n<meta name=\"twitter:card\" content=\"summary_large_image\" \/>\n<meta name=\"twitter:label1\" content=\"Becs\u00fclt olvas\u00e1si id\u0151\" \/>\n\t<meta name=\"twitter:data1\" content=\"2 perc\" \/>\n<script type=\"application\/ld+json\" class=\"yoast-schema-graph\">{\"@context\":\"https:\/\/schema.org\",\"@graph\":[{\"@type\":\"WebSite\",\"@id\":\"https:\/\/smart-skin.ro\/#website\",\"url\":\"https:\/\/smart-skin.ro\/\",\"name\":\"Smart Skin\",\"description\":\"Just another WordPress site\",\"potentialAction\":[{\"@type\":\"SearchAction\",\"target\":{\"@type\":\"EntryPoint\",\"urlTemplate\":\"https:\/\/smart-skin.ro\/?s={search_term_string}\"},\"query-input\":\"required name=search_term_string\"}],\"inLanguage\":\"hu\"},{\"@type\":\"WebPage\",\"@id\":\"https:\/\/smart-skin.ro\/services\/microdermabraziune\/#webpage\",\"url\":\"https:\/\/smart-skin.ro\/services\/microdermabraziune\/\",\"name\":\"Microdermabraziune - Smart Skin\",\"isPartOf\":{\"@id\":\"https:\/\/smart-skin.ro\/#website\"},\"datePublished\":\"2023-08-15T06:43:38+00:00\",\"dateModified\":\"2023-08-15T06:43:41+00:00\",\"breadcrumb\":{\"@id\":\"https:\/\/smart-skin.ro\/services\/microdermabraziune\/#breadcrumb\"},\"inLanguage\":\"hu\",\"potentialAction\":[{\"@type\":\"ReadAction\",\"target\":[\"https:\/\/smart-skin.ro\/services\/microdermabraziune\/\"]}]},{\"@type\":\"BreadcrumbList\",\"@id\":\"https:\/\/smart-skin.ro\/services\/microdermabraziune\/#breadcrumb\",\"itemListElement\":[{\"@type\":\"ListItem\",\"position\":1,\"name\":\"Acas\\u0103\",\"item\":\"https:\/\/smart-skin.ro\/\"},{\"@type\":\"ListItem\",\"position\":2,\"name\":\"Servicii\",\"item\":\"https:\/\/smart-skin.ro\/services\/\"},{\"@type\":\"ListItem\",\"position\":3,\"name\":\"Microdermabraziune\"}]}]}<\/script>\n<!-- \/ Yoast SEO plugin. -->","yoast_head_json":{"title":"Microdermabraziune - Smart Skin","robots":{"index":"index","follow":"follow","max-snippet":"max-snippet:-1","max-image-preview":"max-image-preview:large","max-video-preview":"max-video-preview:-1"},"canonical":"https:\/\/smart-skin.ro\/hu\/services\/microdermabraziune\/","og_locale":"hu_HU","og_type":"article","og_title":"Microdermabraziune - Smart Skin","og_url":"https:\/\/smart-skin.ro\/hu\/services\/microdermabraziune\/","og_site_name":"Smart Skin","article_modified_time":"2023-08-15T06:43:41+00:00","twitter_card":"summary_large_image","twitter_misc":{"Becs\u00fclt olvas\u00e1si id\u0151":"2 perc"},"schema":{"@context":"https:\/\/schema.org","@graph":[{"@type":"WebSite","@id":"https:\/\/smart-skin.ro\/#website","url":"https:\/\/smart-skin.ro\/","name":"Smart Skin","description":"Just another WordPress site","potentialAction":[{"@type":"SearchAction","target":{"@type":"EntryPoint","urlTemplate":"https:\/\/smart-skin.ro\/?s={search_term_string}"},"query-input":"required name=search_term_string"}],"inLanguage":"hu"},{"@type":"WebPage","@id":"https:\/\/smart-skin.ro\/services\/microdermabraziune\/#webpage","url":"https:\/\/smart-skin.ro\/services\/microdermabraziune\/","name":"Microdermabraziune - Smart Skin","isPartOf":{"@id":"https:\/\/smart-skin.ro\/#website"},"datePublished":"2023-08-15T06:43:38+00:00","dateModified":"2023-08-15T06:43:41+00:00","breadcrumb":{"@id":"https:\/\/smart-skin.ro\/services\/microdermabraziune\/#breadcrumb"},"inLanguage":"hu","potentialAction":[{"@type":"ReadAction","target":["https:\/\/smart-skin.ro\/services\/microdermabraziune\/"]}]},{"@type":"BreadcrumbList","@id":"https:\/\/smart-skin.ro\/services\/microdermabraziune\/#breadcrumb","itemListElement":[{"@type":"ListItem","position":1,"name":"Acas\u0103","item":"https:\/\/smart-skin.ro\/"},{"@type":"ListItem","position":2,"name":"Servicii","item":"https:\/\/smart-skin.ro\/services\/"},{"@type":"ListItem","position":3,"name":"Microdermabraziune"}]}]}},"_links":{"self":[{"href":"https:\/\/smart-skin.ro\/hu\/wp-json\/wp\/v2\/pages\/2243"}],"collection":[{"href":"https:\/\/smart-skin.ro\/hu\/wp-json\/wp\/v2\/pages"}],"about":[{"href":"https:\/\/smart-skin.ro\/hu\/wp-json\/wp\/v2\/types\/page"}],"author":[{"embeddable":true,"href":"https:\/\/smart-skin.ro\/hu\/wp-json\/wp\/v2\/users\/2"}],"replies":[{"embeddable":true,"href":"https:\/\/smart-skin.ro\/hu\/wp-json\/wp\/v2\/comments?post=2243"}],"version-history":[{"count":1,"href":"https:\/\/smart-skin.ro\/hu\/wp-json\/wp\/v2\/pages\/2243\/revisions"}],"predecessor-version":[{"id":2245,"href":"https:\/\/smart-skin.ro\/hu\/wp-json\/wp\/v2\/pages\/2243\/revisions\/2245"}],"up":[{"embeddable":true,"href":"https:\/\/smart-skin.ro\/hu\/wp-json\/wp\/v2\/pages\/7"}],"wp:attachment":[{"href":"https:\/\/smart-skin.ro\/hu\/wp-json\/wp\/v2\/media?parent=2243"}],"curies":[{"name":"wp","href":"https:\/\/api.w.org\/{rel}","templated":true}]}}