{"id":2213,"date":"2023-08-14T11:08:29","date_gmt":"2023-08-14T11:08:29","guid":{"rendered":"https:\/\/smart-skin.ro\/?page_id=2213"},"modified":"2023-09-05T05:46:21","modified_gmt":"2023-09-05T05:46:21","slug":"mezogun","status":"publish","type":"page","link":"https:\/\/smart-skin.ro\/hu\/services\/mezogun\/","title":{"rendered":"Mezogun"},"content":{"rendered":"<div class=\"vc_row wpb_row vc_row-fluid\"><div class=\"wpb_column vc_column_container vc_col-sm-12\"><div class=\"vc_column-inner\"><div class=\"wpb_wrapper\"><style type=\"text\/css\" data-type=\"the7_shortcodes-inline-css\">.gallery-carousel-shortcode.gallery-carousel-shortcode-id-c5e227e1efa2800187f7db4b06c8bab4 .owl-nav a {\n  width: 40px;\n  height: 40px;\n  border-radius: 500px;\n}\n.dt-arrow-border-on.gallery-carousel-shortcode.gallery-carousel-shortcode-id-c5e227e1efa2800187f7db4b06c8bab4 .owl-nav a:not(:hover):before {\n  border-width: 0px;\n}\n.dt-arrow-hover-border-on.gallery-carousel-shortcode.gallery-carousel-shortcode-id-c5e227e1efa2800187f7db4b06c8bab4 .owl-nav a:hover:after {\n  border-width: 0px;\n}\n.gallery-carousel-shortcode.gallery-carousel-shortcode-id-c5e227e1efa2800187f7db4b06c8bab4 .owl-nav a.owl-prev {\n  top: calc(100% + 20px);\n  left: 0px;\n}\n.gallery-carousel-shortcode.gallery-carousel-shortcode-id-c5e227e1efa2800187f7db4b06c8bab4 .owl-nav a.owl-prev i {\n  padding: 0px 0px 0px 0px;\n}\n.gallery-carousel-shortcode.gallery-carousel-shortcode-id-c5e227e1efa2800187f7db4b06c8bab4 .owl-nav a.owl-next {\n  top: calc(100% + 20px);\n  right: 0px;\n}\n.gallery-carousel-shortcode.gallery-carousel-shortcode-id-c5e227e1efa2800187f7db4b06c8bab4 .owl-nav a.owl-next i {\n  padding: 0px 0px 0px 0px;\n}\n.gallery-carousel-shortcode.gallery-carousel-shortcode-id-c5e227e1efa2800187f7db4b06c8bab4 .owl-nav i {\n  font-size: 24px;\n}\n.gallery-carousel-shortcode.gallery-carousel-shortcode-id-c5e227e1efa2800187f7db4b06c8bab4 .owl-nav a:not(:hover) i,\n.gallery-carousel-shortcode.gallery-carousel-shortcode-id-c5e227e1efa2800187f7db4b06c8bab4 .owl-nav a:not(:hover) i:before {\n  color: rgba(0,0,0,0.2);\n  background: none;\n}\n.gallery-carousel-shortcode.gallery-carousel-shortcode-id-c5e227e1efa2800187f7db4b06c8bab4 .owl-nav a:hover i,\n.gallery-carousel-shortcode.gallery-carousel-shortcode-id-c5e227e1efa2800187f7db4b06c8bab4 .owl-nav a:hover i:before {\n  color: rgba(0,0,0,0.3);\n  background: none;\n}\n.gallery-carousel-shortcode.gallery-carousel-shortcode-id-c5e227e1efa2800187f7db4b06c8bab4 .owl-dots {\n  top: calc(100% + 20px);\n  left: 50%;\n  transform: translateX(calc(-50% + 0px));\n}\n@media all and (-ms-high-contrast: none) {\n  .gallery-carousel-shortcode.gallery-carousel-shortcode-id-c5e227e1efa2800187f7db4b06c8bab4 .owl-dots {\n    transform: translateX(-50%);\n    margin-left: 0px;\n  }\n}\n.gallery-carousel-shortcode.gallery-carousel-shortcode-id-c5e227e1efa2800187f7db4b06c8bab4 .owl-dot {\n  width: 8px;\n  height: 8px;\n  margin: 0 6px;\n}\n.bullets-scale-up.gallery-carousel-shortcode.gallery-carousel-shortcode-id-c5e227e1efa2800187f7db4b06c8bab4 .owl-dot:not(.active):not(:hover) span {\n  background: rgba(0,0,0,0.2);\n  box-shadow: none;\n}\n.bullets-scale-up.gallery-carousel-shortcode.gallery-carousel-shortcode-id-c5e227e1efa2800187f7db4b06c8bab4 .owl-dot:not(.active):hover span,\n.bullets-scale-up.gallery-carousel-shortcode.gallery-carousel-shortcode-id-c5e227e1efa2800187f7db4b06c8bab4 .owl-dot.active span {\n  background: rgba(0,0,0,0.3);\n  box-shadow: none;\n}\n.bullets-stroke.gallery-carousel-shortcode.gallery-carousel-shortcode-id-c5e227e1efa2800187f7db4b06c8bab4 .owl-dot:not(.active):not(:hover) span {\n  background: rgba(0,0,0,0.2);\n  box-shadow: none;\n}\n.bullets-stroke.gallery-carousel-shortcode.gallery-carousel-shortcode-id-c5e227e1efa2800187f7db4b06c8bab4 .owl-dot:not(.active):hover span {\n  background: rgba(0,0,0,0.3);\n  box-shadow: none;\n}\n.bullets-stroke.gallery-carousel-shortcode.gallery-carousel-shortcode-id-c5e227e1efa2800187f7db4b06c8bab4 .owl-dot.active span {\n  box-shadow: 0 0 0 2px rgba(0,0,0,0.3);\n}\n.bullets-fill-in.gallery-carousel-shortcode.gallery-carousel-shortcode-id-c5e227e1efa2800187f7db4b06c8bab4 .owl-dot:not(.active):not(:hover) span {\n  box-shadow: inset 0 0 0 2px rgba(0,0,0,0.2);\n}\n.bullets-fill-in.gallery-carousel-shortcode.gallery-carousel-shortcode-id-c5e227e1efa2800187f7db4b06c8bab4 .owl-dot:not(.active):hover span {\n  box-shadow: inset 0 0 0 2px rgba(0,0,0,0.3);\n}\n.bullets-fill-in.gallery-carousel-shortcode.gallery-carousel-shortcode-id-c5e227e1efa2800187f7db4b06c8bab4 .owl-dot.active span {\n  box-shadow: inset 0 0 0 20px rgba(0,0,0,0.3);\n}\n.bullets-small-dot-stroke.gallery-carousel-shortcode.gallery-carousel-shortcode-id-c5e227e1efa2800187f7db4b06c8bab4 .owl-dot:not(.active):not(:hover) span {\n  background: rgba(0,0,0,0.2);\n  box-shadow: none;\n}\n.bullets-small-dot-stroke.gallery-carousel-shortcode.gallery-carousel-shortcode-id-c5e227e1efa2800187f7db4b06c8bab4 .owl-dot:not(.active):hover span,\n.bullets-small-dot-stroke.gallery-carousel-shortcode.gallery-carousel-shortcode-id-c5e227e1efa2800187f7db4b06c8bab4 .owl-dot.active span {\n  background: rgba(0,0,0,0.3);\n  box-shadow: none;\n}\n.bullets-small-dot-stroke.gallery-carousel-shortcode.gallery-carousel-shortcode-id-c5e227e1efa2800187f7db4b06c8bab4 .owl-dot.active {\n  box-shadow: 0 0 0 2px rgba(0,0,0,0.3);\n}\n.bullets-ubax.gallery-carousel-shortcode.gallery-carousel-shortcode-id-c5e227e1efa2800187f7db4b06c8bab4 .owl-dot span {\n  background: rgba(0,0,0,0.2);\n  box-shadow: none;\n}\n.bullets-ubax.gallery-carousel-shortcode.gallery-carousel-shortcode-id-c5e227e1efa2800187f7db4b06c8bab4 .owl-dot.active span {\n  border-color: rgba(0,0,0,0.3);\n}\n.bullets-ubax.gallery-carousel-shortcode.gallery-carousel-shortcode-id-c5e227e1efa2800187f7db4b06c8bab4 .owl-dot:not(.active):hover span {\n  background: rgba(0,0,0,0.3);\n  box-shadow: none;\n}\n.bullets-etefu.gallery-carousel-shortcode.gallery-carousel-shortcode-id-c5e227e1efa2800187f7db4b06c8bab4 .owl-dot span {\n  background: rgba(0,0,0,0.2);\n  box-shadow: none;\n}\n.bullets-etefu.gallery-carousel-shortcode.gallery-carousel-shortcode-id-c5e227e1efa2800187f7db4b06c8bab4 .owl-dot:not(.active):hover span {\n  background: rgba(0,0,0,0.3);\n  box-shadow: none;\n}\n.bullets-etefu.gallery-carousel-shortcode.gallery-carousel-shortcode-id-c5e227e1efa2800187f7db4b06c8bab4 .owl-dot span:before {\n  background: rgba(0,0,0,0.3);\n  box-shadow: none;\n}\n.accent-gradient .bullets-etefu.gallery-carousel-shortcode.gallery-carousel-shortcode-id-c5e227e1efa2800187f7db4b06c8bab4 .owl-dot span:before {\n  background: rgba(0,0,0,0.3);\n  box-shadow: none;\n}\n@media screen and (max-width: 778px) {\n  .gallery-carousel-shortcode.gallery-carousel-shortcode-id-c5e227e1efa2800187f7db4b06c8bab4.hide-arrows .owl-nav a {\n    display: none;\n  }\n}\n@media screen and (max-width: 778px) {\n  .gallery-carousel-shortcode.gallery-carousel-shortcode-id-c5e227e1efa2800187f7db4b06c8bab4.reposition-arrows .owl-nav .owl-prev {\n    top: calc(100% + 20px);\n    left: 10px;\n  }\n  .gallery-carousel-shortcode.gallery-carousel-shortcode-id-c5e227e1efa2800187f7db4b06c8bab4.reposition-arrows .owl-nav .owl-next {\n    top: calc(100% + 20px);\n    right: 10px;\n  }\n}\n.gallery-carousel-shortcode.gallery-carousel-shortcode-id-c5e227e1efa2800187f7db4b06c8bab4 figure,\n.gallery-carousel-shortcode.gallery-carousel-shortcode-id-c5e227e1efa2800187f7db4b06c8bab4 .rollover,\n.gallery-carousel-shortcode.gallery-carousel-shortcode-id-c5e227e1efa2800187f7db4b06c8bab4 img,\n.gallery-carousel-shortcode.gallery-carousel-shortcode-id-c5e227e1efa2800187f7db4b06c8bab4 .gallery-rollover {\n  border-radius: 0px;\n}\n.gallery-carousel-shortcode.gallery-carousel-shortcode-id-c5e227e1efa2800187f7db4b06c8bab4.enable-bg-rollover .gallery-rollover {\n  background: -webkit-linear-gradient();\n  background: linear-gradient();\n}\n.gallery-carousel-shortcode.gallery-carousel-shortcode-id-c5e227e1efa2800187f7db4b06c8bab4.enable-img-shadow .owl-stage-outer {\n  padding: 34px 0;\n}\n.gallery-carousel-shortcode.gallery-carousel-shortcode-id-c5e227e1efa2800187f7db4b06c8bab4.enable-bg-rollover.hover-scale figure .rollover:after {\n  background: -webkit-linear-gradient();\n  background: linear-gradient();\n}\n.gallery-carousel-shortcode.gallery-carousel-shortcode-id-c5e227e1efa2800187f7db4b06c8bab4.gallery-shortcode .gallery-zoom-ico {\n  width: 44px;\n  height: 44px;\n  line-height: 44px;\n  border-radius: 100px;\n  margin: -22px 0 0 -22px;\n  border-width: 0px;\n}\n.dt-icon-bg-on.gallery-carousel-shortcode.gallery-carousel-shortcode-id-c5e227e1efa2800187f7db4b06c8bab4.gallery-shortcode .gallery-zoom-ico {\n  background: rgba(255,255,255,0.3);\n  box-shadow: none;\n}\n.gallery-carousel-shortcode.gallery-carousel-shortcode-id-c5e227e1efa2800187f7db4b06c8bab4.gallery-shortcode .gallery-zoom-ico:before,\n.gallery-carousel-shortcode.gallery-carousel-shortcode-id-c5e227e1efa2800187f7db4b06c8bab4.gallery-shortcode .gallery-zoom-ico span {\n  font-size: 32px;\n  line-height: 44px;\n  color: #ffffff;\n  background: none;\n}\n<\/style><div class=\"owl-carousel gallery-carousel-shortcode gallery-shortcode  dt-gallery-container dt-owl-carousel-call gallery-carousel-shortcode-id-c5e227e1efa2800187f7db4b06c8bab4 scale-img meta-info-off bullets-scale-up dt-icon-bg-off arrows-bg-off disable-arrows-hover-bg arrows-hover-bg-off  vc_custom_1692781526835 hover-fade\" data-scroll-mode=\"1\" data-col-num=\"2\" data-wide-col-num=\"2\" data-laptop-col=\"2\" data-h-tablet-columns-num=\"2\" data-v-tablet-columns-num=\"1\" data-phone-columns-num=\"1\" data-col-gap=\"30\" data-stage-padding=\"0\" data-speed=\"1000\" data-autoplay=\"false\" data-autoplay_speed=\"6000\" data-arrows=\"true\" data-bullet=\"true\" data-next-icon=\"icon-ar-013-r\" data-prev-icon=\"icon-ar-013-l\" data-img-shadow-size=\"12px\" data-img-shadow-spread=\"3px\"><div data-post-id=\"2216\" data-date=\"2023-08-14T11:02:06+00:00\" data-name=\"6\"><figure class=\"post\"><a href=\"https:\/\/smart-skin.ro\/wp-content\/uploads\/2023\/08\/6.jpg\" class=\"rollover dt-pswp-item layzr-bg\" data-large_image_width=\"771\" data-large_image_height=\"1000\" data-dt-img-description=\"\" title=\"6\"><img class=\"preload-me owl-lazy-load\" src=\"data:image\/svg+xml,%3Csvg%20xmlns%3D&#39;http%3A%2F%2Fwww.w3.org%2F2000%2Fsvg&#39;%20viewBox%3D&#39;0%200%20771%20771&#39;%2F%3E\" data-src=\"https:\/\/smart-skin.ro\/wp-content\/uploads\/2023\/08\/6-771x771.jpg\" data-srcset=\"https:\/\/smart-skin.ro\/wp-content\/uploads\/2023\/08\/6-771x771.jpg 771w\" alt=\"\" width=\"771\" height=\"771\"  \/><span class=\"gallery-rollover\"><\/span><\/a><\/figure><\/div><\/div><\/div><\/div><\/div><\/div><div class=\"vc_row wpb_row vc_row-fluid\"><div class=\"wpb_column vc_column_container vc_col-sm-12\"><div class=\"vc_column-inner\"><div class=\"wpb_wrapper\">\n\t<div class=\"wpb_text_column wpb_content_element\" >\n\t\t<div class=\"wpb_wrapper\">\n\t\t\t<p>Mezogun - a legfejlettebb \u00e9s leghat\u00e9konyabb mikroolajos mezoter\u00e1pi\u00e1s k\u00e9sz\u00fcl\u00e9k a r\u00e1ncok kezel\u00e9s\u00e9re \u00e9s az arc kont\u00faroz\u00e1s\u00e1ra.<\/p>\n<p>&nbsp;<\/p>\n<p>Tehnologia utilizat\u0103 de acest aparat permite combinarea mezoterapiei cu electrostimularea mu\u0219chilor faciali (neteze\u0219te pielea \u00eendep\u0103rt\u00e2nd ridurile fine \u0219i stimuleaz\u0103 sinteza colagenului), cu radiofrecven\u021ba (genereaz\u0103 c\u0103ldur\u0103 \u00een straturile inferioare ale pielii \u0219i stimuleaz\u0103 producerea de colagen) \u0219i introducerea de substan\u021be active.<\/p>\n<p>&nbsp;<\/p>\n\n\t\t<\/div>\n\t<\/div>\n<div class=\"vc_separator wpb_content_element vc_separator_align_left vc_sep_width_100 vc_sep_pos_align_center vc_sep_color_grey vc_separator-has-text\" ><span class=\"vc_sep_holder vc_sep_holder_l\"><span  class=\"vc_sep_line\"><\/span><\/span><h4>Alkalmazott anyagok \"kokt\u00e9ljainak\" haszn\u00e1lata:<\/h4><span class=\"vc_sep_holder vc_sep_holder_r\"><span  class=\"vc_sep_line\"><\/span><\/span>\n<\/div><\/div><\/div><\/div><\/div><div class=\"vc_row wpb_row vc_row-fluid\"><div class=\"wpb_column vc_column_container vc_col-sm-12\"><div class=\"vc_column-inner\"><div class=\"wpb_wrapper\"><div class=\"standard-arrow list-divider bullet-top\"><p>&nbsp;<\/p>\n<ul>\n<li>a b\u0151r text\u00far\u00e1ja javul<\/li>\n<li>\u00faj sejtek k\u00e9pz\u0151d\u00e9se, valamint a kollag\u00e9n- \u00e9s elasztinszint\u00e9zis stimul\u00e1l\u00f3dik<\/li>\n<li>cs\u00f6kkenti a r\u00e1ncokat, hegeket, pigmentfoltokat, akn\u00e9kat<\/li>\n<li>lifting hat\u00e1s \u00e9rhet\u0151 el<\/li>\n<li>kisim\u00edtja a r\u00e1ncokat \u00e9s a mimikai r\u00e1ncokat a mimikai r\u00e1ncok s\u0171r\u0171s\u00e9g\u00e9nek, m\u00e9lys\u00e9g\u00e9nek \u00e9s t\u00e9rfogat\u00e1nak cs\u00f6kkent\u00e9s\u00e9vel<\/li>\n<li>megoldja a megnagyobbodott p\u00f3rusok sz\u00e1mos probl\u00e9m\u00e1j\u00e1t<\/li>\n<li>m\u00e9lyen hidrat\u00e1lja \u00e9s regener\u00e1lja a b\u0151rt<\/li>\n<li>a s\u00f6t\u00e9t karik\u00e1k cs\u00f6kkennek<\/li>\n<li>enyh\u00edti a szem alatti t\u00e1sk\u00e1kat, a petyh\u00fcdt text\u00far\u00e1t, a dupla nyakat \u00e9s az \u00e1llat.<\/li>\n<li>A hat\u00f3anyagok egyszer\u0171 helyi alkalmaz\u00e1sa exponenci\u00e1lisan megsokszorozza a hat\u00e9konys\u00e1got, 95%-os felsz\u00edv\u00f3d\u00e1ssal, ami l\u00e1tv\u00e1nyos hat\u00e1sokat eredm\u00e9nyez.<\/li>\n<\/ul>\n<p>&nbsp;<\/p>\n<\/div><\/div><\/div><\/div><\/div><div class=\"vc_row wpb_row vc_row-fluid\"><div class=\"wpb_column vc_column_container vc_col-sm-12\"><div class=\"vc_column-inner\"><div class=\"wpb_wrapper\"><div class=\"vc_separator wpb_content_element vc_separator_align_left vc_sep_width_100 vc_sep_pos_align_center vc_sep_color_grey vc_separator-has-text\" ><span class=\"vc_sep_holder vc_sep_holder_l\"><span  class=\"vc_sep_line\"><\/span><\/span><h4>Ellenjavallatok<\/h4><span class=\"vc_sep_holder vc_sep_holder_r\"><span  class=\"vc_sep_line\"><\/span><\/span>\n<\/div><\/div><\/div><\/div><\/div><div class=\"vc_row wpb_row vc_row-fluid\"><div class=\"wpb_column vc_column_container vc_col-sm-12\"><div class=\"vc_column-inner\"><div class=\"wpb_wrapper\"><div class=\"standard-arrow list-divider bullet-top\"><p>&nbsp;<\/p>\n<ul>\n<li>sz\u00edvritmus-szab\u00e1lyoz\u00f3<\/li>\n<li>sz\u00edv- \u00e9s \u00e9rrendszeri betegs\u00e9gek<\/li>\n<li>v\u00e9rnyom\u00e1s rendelleness\u00e9gek<\/li>\n<li>v\u00e9rbetegs\u00e9gek<\/li>\n<li>b\u0151rfert\u0151z\u00e9sek<\/li>\n<li>Allergi\u00e1k<\/li>\n<li>m\u00e1jbetegs\u00e9gek<\/li>\n<li>epilepszia<\/li>\n<li>szteroid hormonokkal t\u00f6rt\u00e9n\u0151 kezel\u00e9s sor\u00e1n<\/li>\n<li>terhess\u00e9g alatt<\/li>\n<\/ul>\n<p>&nbsp;<\/p>\n<\/div><\/div><\/div><\/div><\/div><div class=\"vc_row wpb_row vc_row-fluid\"><div class=\"wpb_column vc_column_container vc_col-sm-12\"><div class=\"vc_column-inner\"><div class=\"wpb_wrapper\">\n\t<div class=\"wpb_text_column wpb_content_element\" >\n\t\t<div class=\"wpb_wrapper\">\n\t\t\t<p>Az eredm\u00e9ny azonnal l\u00e1that\u00f3 a kezel\u00e9s ut\u00e1n, mivel a b\u0151r l\u00e1that\u00f3an feszesebb\u00e9, rugalmasabb\u00e1 \u00e9s ragyog\u00f3bb\u00e1 v\u00e1lik, kipihent, megfiatal\u00edtott megjelen\u00e9st k\u00f6lcs\u00f6n\u00f6zve.<\/p>\n<p>&nbsp;<\/p>\n<p>&nbsp;<\/p>\n<p>&nbsp;<\/p>\n\n\t\t<\/div>\n\t<\/div>\n<\/div><\/div><\/div><\/div><div class=\"vc_row wpb_row vc_row-fluid\"><div class=\"wpb_column vc_column_container vc_col-sm-12\"><div class=\"vc_column-inner\"><div class=\"wpb_wrapper\"><div id=\"ultimate-heading-828269d173ba87e8f\" class=\"uvc-heading ult-adjust-bottom-margin ultimate-heading-828269d173ba87e8f uvc-3565\" data-hspacer=\"no_spacer\"  data-halign=\"left\" style=\"text-align:left\"><div class=\"uvc-heading-spacer no_spacer\" style=\"top\"><\/div><div class=\"uvc-main-heading ult-responsive\"  data-ultimate-target='.uvc-heading.ultimate-heading-828269d173ba87e8f h2'  data-responsive-json-new='{\"font-size\":\"desktop:24px;\",\"line-height\":\"desktop:34px;\"}' ><h2 style=\"--font-weight:theme;margin-bottom:20px;\">\u00c1rak<\/h2><\/div><\/div><div class=\"ult_pricing_table_wrap ult_design_1  ult-cs-custom\">\n\t\t\t\t<div class=\"ult_pricing_table\" style=\"background:#ea8f8f; \"><div class=\"ult_pricing_heading\" id=\"price-table-wrap-5171\">\n\t\t\t\t\t\t<h3 class=\"price-heading cust-headformat ult-responsive\"  data-ultimate-target='#price-table-wrap-5171 .cust-headformat'  data-responsive-json-new='{\"font-size\":\"\",\"line-height\":\"\"}'  style=\"font-weight:normal;\">Mezogun<\/h3><\/div><!--ult_pricing_heading--><div class=\"ult_price_body_block\">\n\t\t\t\t\t\t<div class=\"ult_price_body\">\n\t\t\t\t\t\t\t<div id=\"price-table-wrap-7486\" class=\"ult_price\">\n\t\t\t\t\t\t\t\t<span  data-ultimate-target='#price-table-wrap-7486 .ult_price_figure'  data-responsive-json-new='{\"font-size\":\"\",\"line-height\":\"\"}'  class=\"ult_price_figure ult-responsive\" style=\"font-weight:normal;\">200 Ron<\/span>\n\t\t\t\t\t\t\t\t<span  data-ultimate-target='#price-table-wrap-7486 .ult_price_term'  data-responsive-json-new='{\"font-size\":\"\",\"line-height\":\"\"}'  class=\"ult_price_term ult-responsive\" style=\"font-weight:normal;\"><\/span>\n\t\t\t\t\t\t\t<\/div>\n\t\t\t\t\t\t<\/div>\n\t\t\t\t\t<\/div><!--ult_price_body_block--><div id=\"price-table-features-wrap-8803\" class=\"ult_price_features ult-responsive\"  data-ultimate-target='#price-table-features-wrap-8803'  data-responsive-json-new='{\"font-size\":\"\",\"line-height\":\"\"}'  style=\"font-weight:normal;\">\n\t\t\t\t\t\t\n\t\t\t\t\t<\/div><!--ult_price_features--><div class=\"ult_clr\"><\/div>\n\t\t<\/div><!--pricing_table-->\n\t<\/div><!--pricing_table_wrap--><\/div><\/div><\/div><\/div>","protected":false},"excerpt":{"rendered":"<p>Mezogun \u2013 cel mai avansat \u0219i eficient dispozitiv de mezoterapie cu micro-ace pentru tratarea ridurilor \u0219i conturare facial\u0103. &nbsp; Tehnologia utilizat\u0103 de acest aparat permite combinarea mezoterapiei cu electrostimularea mu\u0219chilor faciali (neteze\u0219te pielea \u00eendep\u0103rt\u00e2nd ridurile fine \u0219i stimuleaz\u0103 sinteza colagenului), cu radiofrecven\u021ba (genereaz\u0103 c\u0103ldur\u0103 \u00een straturile inferioare ale pielii \u0219i stimuleaz\u0103 producerea de colagen) \u0219i&hellip;<\/p>","protected":false},"author":2,"featured_media":0,"parent":7,"menu_order":100,"comment_status":"closed","ping_status":"closed","template":"","meta":[],"yoast_head":"<!-- This site is optimized with the Yoast SEO plugin v17.5 - https:\/\/yoast.com\/wordpress\/plugins\/seo\/ -->\n<title>Mezogun - Smart Skin<\/title>\n<meta name=\"robots\" content=\"index, follow, max-snippet:-1, max-image-preview:large, max-video-preview:-1\" \/>\n<link rel=\"canonical\" href=\"https:\/\/smart-skin.ro\/hu\/services\/mezogun\/\" \/>\n<meta property=\"og:locale\" content=\"hu_HU\" \/>\n<meta property=\"og:type\" content=\"article\" \/>\n<meta property=\"og:title\" content=\"Mezogun - Smart Skin\" \/>\n<meta property=\"og:url\" content=\"https:\/\/smart-skin.ro\/hu\/services\/mezogun\/\" \/>\n<meta property=\"og:site_name\" content=\"Smart Skin\" \/>\n<meta property=\"article:modified_time\" content=\"2023-09-05T05:46:21+00:00\" \/>\n<meta name=\"twitter:card\" content=\"summary_large_image\" \/>\n<meta name=\"twitter:label1\" content=\"Becs\u00fclt olvas\u00e1si id\u0151\" \/>\n\t<meta name=\"twitter:data1\" content=\"2 perc\" \/>\n<script type=\"application\/ld+json\" class=\"yoast-schema-graph\">{\"@context\":\"https:\/\/schema.org\",\"@graph\":[{\"@type\":\"WebSite\",\"@id\":\"https:\/\/smart-skin.ro\/#website\",\"url\":\"https:\/\/smart-skin.ro\/\",\"name\":\"Smart Skin\",\"description\":\"Just another WordPress site\",\"potentialAction\":[{\"@type\":\"SearchAction\",\"target\":{\"@type\":\"EntryPoint\",\"urlTemplate\":\"https:\/\/smart-skin.ro\/?s={search_term_string}\"},\"query-input\":\"required name=search_term_string\"}],\"inLanguage\":\"hu\"},{\"@type\":\"WebPage\",\"@id\":\"https:\/\/smart-skin.ro\/services\/mezogun\/#webpage\",\"url\":\"https:\/\/smart-skin.ro\/services\/mezogun\/\",\"name\":\"Mezogun - Smart Skin\",\"isPartOf\":{\"@id\":\"https:\/\/smart-skin.ro\/#website\"},\"datePublished\":\"2023-08-14T11:08:29+00:00\",\"dateModified\":\"2023-09-05T05:46:21+00:00\",\"breadcrumb\":{\"@id\":\"https:\/\/smart-skin.ro\/services\/mezogun\/#breadcrumb\"},\"inLanguage\":\"hu\",\"potentialAction\":[{\"@type\":\"ReadAction\",\"target\":[\"https:\/\/smart-skin.ro\/services\/mezogun\/\"]}]},{\"@type\":\"BreadcrumbList\",\"@id\":\"https:\/\/smart-skin.ro\/services\/mezogun\/#breadcrumb\",\"itemListElement\":[{\"@type\":\"ListItem\",\"position\":1,\"name\":\"Acas\\u0103\",\"item\":\"https:\/\/smart-skin.ro\/\"},{\"@type\":\"ListItem\",\"position\":2,\"name\":\"Servicii\",\"item\":\"https:\/\/smart-skin.ro\/services\/\"},{\"@type\":\"ListItem\",\"position\":3,\"name\":\"Mezogun\"}]}]}<\/script>\n<!-- \/ Yoast SEO plugin. -->","yoast_head_json":{"title":"Mezogun - Smart Skin","robots":{"index":"index","follow":"follow","max-snippet":"max-snippet:-1","max-image-preview":"max-image-preview:large","max-video-preview":"max-video-preview:-1"},"canonical":"https:\/\/smart-skin.ro\/hu\/services\/mezogun\/","og_locale":"hu_HU","og_type":"article","og_title":"Mezogun - Smart Skin","og_url":"https:\/\/smart-skin.ro\/hu\/services\/mezogun\/","og_site_name":"Smart Skin","article_modified_time":"2023-09-05T05:46:21+00:00","twitter_card":"summary_large_image","twitter_misc":{"Becs\u00fclt olvas\u00e1si id\u0151":"2 perc"},"schema":{"@context":"https:\/\/schema.org","@graph":[{"@type":"WebSite","@id":"https:\/\/smart-skin.ro\/#website","url":"https:\/\/smart-skin.ro\/","name":"Smart Skin","description":"Just another WordPress site","potentialAction":[{"@type":"SearchAction","target":{"@type":"EntryPoint","urlTemplate":"https:\/\/smart-skin.ro\/?s={search_term_string}"},"query-input":"required name=search_term_string"}],"inLanguage":"hu"},{"@type":"WebPage","@id":"https:\/\/smart-skin.ro\/services\/mezogun\/#webpage","url":"https:\/\/smart-skin.ro\/services\/mezogun\/","name":"Mezogun - Smart Skin","isPartOf":{"@id":"https:\/\/smart-skin.ro\/#website"},"datePublished":"2023-08-14T11:08:29+00:00","dateModified":"2023-09-05T05:46:21+00:00","breadcrumb":{"@id":"https:\/\/smart-skin.ro\/services\/mezogun\/#breadcrumb"},"inLanguage":"hu","potentialAction":[{"@type":"ReadAction","target":["https:\/\/smart-skin.ro\/services\/mezogun\/"]}]},{"@type":"BreadcrumbList","@id":"https:\/\/smart-skin.ro\/services\/mezogun\/#breadcrumb","itemListElement":[{"@type":"ListItem","position":1,"name":"Acas\u0103","item":"https:\/\/smart-skin.ro\/"},{"@type":"ListItem","position":2,"name":"Servicii","item":"https:\/\/smart-skin.ro\/services\/"},{"@type":"ListItem","position":3,"name":"Mezogun"}]}]}},"_links":{"self":[{"href":"https:\/\/smart-skin.ro\/hu\/wp-json\/wp\/v2\/pages\/2213"}],"collection":[{"href":"https:\/\/smart-skin.ro\/hu\/wp-json\/wp\/v2\/pages"}],"about":[{"href":"https:\/\/smart-skin.ro\/hu\/wp-json\/wp\/v2\/types\/page"}],"author":[{"embeddable":true,"href":"https:\/\/smart-skin.ro\/hu\/wp-json\/wp\/v2\/users\/2"}],"replies":[{"embeddable":true,"href":"https:\/\/smart-skin.ro\/hu\/wp-json\/wp\/v2\/comments?post=2213"}],"version-history":[{"count":16,"href":"https:\/\/smart-skin.ro\/hu\/wp-json\/wp\/v2\/pages\/2213\/revisions"}],"predecessor-version":[{"id":2404,"href":"https:\/\/smart-skin.ro\/hu\/wp-json\/wp\/v2\/pages\/2213\/revisions\/2404"}],"up":[{"embeddable":true,"href":"https:\/\/smart-skin.ro\/hu\/wp-json\/wp\/v2\/pages\/7"}],"wp:attachment":[{"href":"https:\/\/smart-skin.ro\/hu\/wp-json\/wp\/v2\/media?parent=2213"}],"curies":[{"name":"wp","href":"https:\/\/api.w.org\/{rel}","templated":true}]}}