{"id":2204,"date":"2023-08-14T08:48:49","date_gmt":"2023-08-14T08:48:49","guid":{"rendered":"https:\/\/smart-skin.ro\/?page_id=2204"},"modified":"2023-09-05T05:42:18","modified_gmt":"2023-09-05T05:42:18","slug":"tratament-corporal","status":"publish","type":"page","link":"https:\/\/smart-skin.ro\/hu\/services\/tratament-corporal\/","title":{"rendered":"Testkezel\u00e9s"},"content":{"rendered":"<div class=\"vc_row wpb_row vc_row-fluid\"><div class=\"wpb_column vc_column_container vc_col-sm-12\"><div class=\"vc_column-inner\"><div class=\"wpb_wrapper\"><style type=\"text\/css\" data-type=\"the7_shortcodes-inline-css\">.gallery-carousel-shortcode.gallery-carousel-shortcode-id-11e275459c5c4e579df7728984fc4512 .owl-nav a {\n  width: 40px;\n  height: 40px;\n  border-radius: 500px;\n}\n.dt-arrow-border-on.gallery-carousel-shortcode.gallery-carousel-shortcode-id-11e275459c5c4e579df7728984fc4512 .owl-nav a:not(:hover):before {\n  border-width: 0px;\n}\n.dt-arrow-hover-border-on.gallery-carousel-shortcode.gallery-carousel-shortcode-id-11e275459c5c4e579df7728984fc4512 .owl-nav a:hover:after {\n  border-width: 0px;\n}\n.gallery-carousel-shortcode.gallery-carousel-shortcode-id-11e275459c5c4e579df7728984fc4512 .owl-nav a.owl-prev {\n  top: calc(100% + 20px);\n  left: 0px;\n}\n.gallery-carousel-shortcode.gallery-carousel-shortcode-id-11e275459c5c4e579df7728984fc4512 .owl-nav a.owl-prev i {\n  padding: 0px 0px 0px 0px;\n}\n.gallery-carousel-shortcode.gallery-carousel-shortcode-id-11e275459c5c4e579df7728984fc4512 .owl-nav a.owl-next {\n  top: calc(100% + 20px);\n  right: 0px;\n}\n.gallery-carousel-shortcode.gallery-carousel-shortcode-id-11e275459c5c4e579df7728984fc4512 .owl-nav a.owl-next i {\n  padding: 0px 0px 0px 0px;\n}\n.gallery-carousel-shortcode.gallery-carousel-shortcode-id-11e275459c5c4e579df7728984fc4512 .owl-nav i {\n  font-size: 24px;\n}\n.gallery-carousel-shortcode.gallery-carousel-shortcode-id-11e275459c5c4e579df7728984fc4512 .owl-nav a:not(:hover) i,\n.gallery-carousel-shortcode.gallery-carousel-shortcode-id-11e275459c5c4e579df7728984fc4512 .owl-nav a:not(:hover) i:before {\n  color: rgba(0,0,0,0.2);\n  background: none;\n}\n.gallery-carousel-shortcode.gallery-carousel-shortcode-id-11e275459c5c4e579df7728984fc4512 .owl-nav a:hover i,\n.gallery-carousel-shortcode.gallery-carousel-shortcode-id-11e275459c5c4e579df7728984fc4512 .owl-nav a:hover i:before {\n  color: rgba(0,0,0,0.3);\n  background: none;\n}\n.gallery-carousel-shortcode.gallery-carousel-shortcode-id-11e275459c5c4e579df7728984fc4512 .owl-dots {\n  top: calc(100% + 20px);\n  left: 50%;\n  transform: translateX(calc(-50% + 0px));\n}\n@media all and (-ms-high-contrast: none) {\n  .gallery-carousel-shortcode.gallery-carousel-shortcode-id-11e275459c5c4e579df7728984fc4512 .owl-dots {\n    transform: translateX(-50%);\n    margin-left: 0px;\n  }\n}\n.gallery-carousel-shortcode.gallery-carousel-shortcode-id-11e275459c5c4e579df7728984fc4512 .owl-dot {\n  width: 8px;\n  height: 8px;\n  margin: 0 6px;\n}\n.bullets-scale-up.gallery-carousel-shortcode.gallery-carousel-shortcode-id-11e275459c5c4e579df7728984fc4512 .owl-dot:not(.active):not(:hover) span {\n  background: rgba(0,0,0,0.2);\n  box-shadow: none;\n}\n.bullets-scale-up.gallery-carousel-shortcode.gallery-carousel-shortcode-id-11e275459c5c4e579df7728984fc4512 .owl-dot:not(.active):hover span,\n.bullets-scale-up.gallery-carousel-shortcode.gallery-carousel-shortcode-id-11e275459c5c4e579df7728984fc4512 .owl-dot.active span {\n  background: rgba(0,0,0,0.3);\n  box-shadow: none;\n}\n.bullets-stroke.gallery-carousel-shortcode.gallery-carousel-shortcode-id-11e275459c5c4e579df7728984fc4512 .owl-dot:not(.active):not(:hover) span {\n  background: rgba(0,0,0,0.2);\n  box-shadow: none;\n}\n.bullets-stroke.gallery-carousel-shortcode.gallery-carousel-shortcode-id-11e275459c5c4e579df7728984fc4512 .owl-dot:not(.active):hover span {\n  background: rgba(0,0,0,0.3);\n  box-shadow: none;\n}\n.bullets-stroke.gallery-carousel-shortcode.gallery-carousel-shortcode-id-11e275459c5c4e579df7728984fc4512 .owl-dot.active span {\n  box-shadow: 0 0 0 2px rgba(0,0,0,0.3);\n}\n.bullets-fill-in.gallery-carousel-shortcode.gallery-carousel-shortcode-id-11e275459c5c4e579df7728984fc4512 .owl-dot:not(.active):not(:hover) span {\n  box-shadow: inset 0 0 0 2px rgba(0,0,0,0.2);\n}\n.bullets-fill-in.gallery-carousel-shortcode.gallery-carousel-shortcode-id-11e275459c5c4e579df7728984fc4512 .owl-dot:not(.active):hover span {\n  box-shadow: inset 0 0 0 2px rgba(0,0,0,0.3);\n}\n.bullets-fill-in.gallery-carousel-shortcode.gallery-carousel-shortcode-id-11e275459c5c4e579df7728984fc4512 .owl-dot.active span {\n  box-shadow: inset 0 0 0 20px rgba(0,0,0,0.3);\n}\n.bullets-small-dot-stroke.gallery-carousel-shortcode.gallery-carousel-shortcode-id-11e275459c5c4e579df7728984fc4512 .owl-dot:not(.active):not(:hover) span {\n  background: rgba(0,0,0,0.2);\n  box-shadow: none;\n}\n.bullets-small-dot-stroke.gallery-carousel-shortcode.gallery-carousel-shortcode-id-11e275459c5c4e579df7728984fc4512 .owl-dot:not(.active):hover span,\n.bullets-small-dot-stroke.gallery-carousel-shortcode.gallery-carousel-shortcode-id-11e275459c5c4e579df7728984fc4512 .owl-dot.active span {\n  background: rgba(0,0,0,0.3);\n  box-shadow: none;\n}\n.bullets-small-dot-stroke.gallery-carousel-shortcode.gallery-carousel-shortcode-id-11e275459c5c4e579df7728984fc4512 .owl-dot.active {\n  box-shadow: 0 0 0 2px rgba(0,0,0,0.3);\n}\n.bullets-ubax.gallery-carousel-shortcode.gallery-carousel-shortcode-id-11e275459c5c4e579df7728984fc4512 .owl-dot span {\n  background: rgba(0,0,0,0.2);\n  box-shadow: none;\n}\n.bullets-ubax.gallery-carousel-shortcode.gallery-carousel-shortcode-id-11e275459c5c4e579df7728984fc4512 .owl-dot.active span {\n  border-color: rgba(0,0,0,0.3);\n}\n.bullets-ubax.gallery-carousel-shortcode.gallery-carousel-shortcode-id-11e275459c5c4e579df7728984fc4512 .owl-dot:not(.active):hover span {\n  background: rgba(0,0,0,0.3);\n  box-shadow: none;\n}\n.bullets-etefu.gallery-carousel-shortcode.gallery-carousel-shortcode-id-11e275459c5c4e579df7728984fc4512 .owl-dot span {\n  background: rgba(0,0,0,0.2);\n  box-shadow: none;\n}\n.bullets-etefu.gallery-carousel-shortcode.gallery-carousel-shortcode-id-11e275459c5c4e579df7728984fc4512 .owl-dot:not(.active):hover span {\n  background: rgba(0,0,0,0.3);\n  box-shadow: none;\n}\n.bullets-etefu.gallery-carousel-shortcode.gallery-carousel-shortcode-id-11e275459c5c4e579df7728984fc4512 .owl-dot span:before {\n  background: rgba(0,0,0,0.3);\n  box-shadow: none;\n}\n.accent-gradient .bullets-etefu.gallery-carousel-shortcode.gallery-carousel-shortcode-id-11e275459c5c4e579df7728984fc4512 .owl-dot span:before {\n  background: rgba(0,0,0,0.3);\n  box-shadow: none;\n}\n@media screen and (max-width: 778px) {\n  .gallery-carousel-shortcode.gallery-carousel-shortcode-id-11e275459c5c4e579df7728984fc4512.hide-arrows .owl-nav a {\n    display: none;\n  }\n}\n@media screen and (max-width: 778px) {\n  .gallery-carousel-shortcode.gallery-carousel-shortcode-id-11e275459c5c4e579df7728984fc4512.reposition-arrows .owl-nav .owl-prev {\n    top: calc(100% + 20px);\n    left: 10px;\n  }\n  .gallery-carousel-shortcode.gallery-carousel-shortcode-id-11e275459c5c4e579df7728984fc4512.reposition-arrows .owl-nav .owl-next {\n    top: calc(100% + 20px);\n    right: 10px;\n  }\n}\n.gallery-carousel-shortcode.gallery-carousel-shortcode-id-11e275459c5c4e579df7728984fc4512 figure,\n.gallery-carousel-shortcode.gallery-carousel-shortcode-id-11e275459c5c4e579df7728984fc4512 .rollover,\n.gallery-carousel-shortcode.gallery-carousel-shortcode-id-11e275459c5c4e579df7728984fc4512 img,\n.gallery-carousel-shortcode.gallery-carousel-shortcode-id-11e275459c5c4e579df7728984fc4512 .gallery-rollover {\n  border-radius: 0px;\n}\n.gallery-carousel-shortcode.gallery-carousel-shortcode-id-11e275459c5c4e579df7728984fc4512.enable-bg-rollover .gallery-rollover {\n  background: -webkit-linear-gradient();\n  background: linear-gradient();\n}\n.gallery-carousel-shortcode.gallery-carousel-shortcode-id-11e275459c5c4e579df7728984fc4512.enable-img-shadow .owl-stage-outer {\n  padding: 34px 0;\n}\n.gallery-carousel-shortcode.gallery-carousel-shortcode-id-11e275459c5c4e579df7728984fc4512.enable-bg-rollover.hover-scale figure .rollover:after {\n  background: -webkit-linear-gradient();\n  background: linear-gradient();\n}\n.gallery-carousel-shortcode.gallery-carousel-shortcode-id-11e275459c5c4e579df7728984fc4512.gallery-shortcode .gallery-zoom-ico {\n  width: 44px;\n  height: 44px;\n  line-height: 44px;\n  border-radius: 100px;\n  margin: -22px 0 0 -22px;\n  border-width: 0px;\n}\n.dt-icon-bg-on.gallery-carousel-shortcode.gallery-carousel-shortcode-id-11e275459c5c4e579df7728984fc4512.gallery-shortcode .gallery-zoom-ico {\n  background: rgba(255,255,255,0.3);\n  box-shadow: none;\n}\n.gallery-carousel-shortcode.gallery-carousel-shortcode-id-11e275459c5c4e579df7728984fc4512.gallery-shortcode .gallery-zoom-ico:before,\n.gallery-carousel-shortcode.gallery-carousel-shortcode-id-11e275459c5c4e579df7728984fc4512.gallery-shortcode .gallery-zoom-ico span {\n  font-size: 32px;\n  line-height: 44px;\n  color: #ffffff;\n  background: none;\n}\n<\/style><div class=\"owl-carousel gallery-carousel-shortcode gallery-shortcode  dt-gallery-container dt-owl-carousel-call gallery-carousel-shortcode-id-11e275459c5c4e579df7728984fc4512 scale-img meta-info-off bullets-scale-up dt-icon-bg-off arrows-bg-off disable-arrows-hover-bg arrows-hover-bg-off  vc_custom_1692773996683 hover-fade\" data-scroll-mode=\"1\" data-col-num=\"2\" data-wide-col-num=\"2\" data-laptop-col=\"2\" data-h-tablet-columns-num=\"2\" data-v-tablet-columns-num=\"1\" data-phone-columns-num=\"1\" data-col-gap=\"30\" data-stage-padding=\"0\" data-speed=\"1000\" data-autoplay=\"false\" data-autoplay_speed=\"6000\" data-arrows=\"true\" data-bullet=\"true\" data-next-icon=\"icon-ar-013-r\" data-prev-icon=\"icon-ar-013-l\" data-img-shadow-size=\"12px\" data-img-shadow-spread=\"3px\"><div data-post-id=\"2207\" data-date=\"2023-08-14T08:40:49+00:00\" data-name=\"5\"><figure class=\"post\"><a href=\"https:\/\/smart-skin.ro\/wp-content\/uploads\/2023\/08\/5.jpg\" class=\"rollover dt-pswp-item layzr-bg\" data-large_image_width=\"749\" data-large_image_height=\"499\" data-dt-img-description=\"\" title=\"5\"><img class=\"preload-me owl-lazy-load\" src=\"data:image\/svg+xml,%3Csvg%20xmlns%3D&#39;http%3A%2F%2Fwww.w3.org%2F2000%2Fsvg&#39;%20viewBox%3D&#39;0%200%20499%20499&#39;%2F%3E\" data-src=\"https:\/\/smart-skin.ro\/wp-content\/uploads\/2023\/08\/5-499x499.jpg\" data-srcset=\"https:\/\/smart-skin.ro\/wp-content\/uploads\/2023\/08\/5-499x499.jpg 499w\" alt=\"\" width=\"499\" height=\"499\"  \/><span class=\"gallery-rollover\"><\/span><\/a><\/figure><\/div><div data-post-id=\"2206\" data-date=\"2023-08-14T08:40:47+00:00\" data-name=\"4\"><figure class=\"post\"><a href=\"https:\/\/smart-skin.ro\/wp-content\/uploads\/2023\/08\/4.jpg\" class=\"rollover dt-pswp-item layzr-bg\" data-large_image_width=\"750\" data-large_image_height=\"750\" data-dt-img-description=\"\" title=\"4\"><img class=\"preload-me owl-lazy-load\" src=\"data:image\/svg+xml,%3Csvg%20xmlns%3D&#39;http%3A%2F%2Fwww.w3.org%2F2000%2Fsvg&#39;%20viewBox%3D&#39;0%200%20750%20750&#39;%2F%3E\" data-src=\"https:\/\/smart-skin.ro\/wp-content\/uploads\/2023\/08\/4.jpg\" data-srcset=\"https:\/\/smart-skin.ro\/wp-content\/uploads\/2023\/08\/4.jpg 750w\" alt=\"\" width=\"750\" height=\"750\"  \/><span class=\"gallery-rollover\"><\/span><\/a><\/figure><\/div><div data-post-id=\"2230\" data-date=\"2023-08-14T11:23:14+00:00\" data-name=\"7\"><figure class=\"post\"><a href=\"https:\/\/smart-skin.ro\/wp-content\/uploads\/2023\/08\/7.jpg\" class=\"rollover dt-pswp-item layzr-bg\" data-large_image_width=\"1000\" data-large_image_height=\"1000\" data-dt-img-description=\"\" title=\"7\"><img class=\"preload-me owl-lazy-load\" src=\"data:image\/svg+xml,%3Csvg%20xmlns%3D&#39;http%3A%2F%2Fwww.w3.org%2F2000%2Fsvg&#39;%20viewBox%3D&#39;0%200%201000%201000&#39;%2F%3E\" data-src=\"https:\/\/smart-skin.ro\/wp-content\/uploads\/2023\/08\/7.jpg\" data-srcset=\"https:\/\/smart-skin.ro\/wp-content\/uploads\/2023\/08\/7.jpg 1000w\" alt=\"\" width=\"1000\" height=\"1000\"  \/><span class=\"gallery-rollover\"><\/span><\/a><\/figure><\/div><\/div><div class=\"aio-icon-component    style_1\"><div id=\"Info-box-wrap-2936\" class=\"aio-icon-box default-icon\" style=\"\"  ><div class=\"aio-icon-header\" ><h2 class=\"aio-icon-title ult-responsive\"  data-ultimate-target='#Info-box-wrap-2936 .aio-icon-title'  data-responsive-json-new='{\"font-size\":\"\",\"line-height\":\"\"}'  style=\"\">S-Shape kezel\u00e9s<\/h2><\/div> <!-- header --><div class=\"aio-icon-description ult-responsive\"  data-ultimate-target='#Info-box-wrap-2936 .aio-icon-description'  data-responsive-json-new='{\"font-size\":\"\",\"line-height\":\"\"}'  style=\"\">Az S-Shape k\u00e9t hat\u00e9konys\u00e1ga az egym\u00e1st er\u0151s\u00edt\u0151 hat\u00e1sok kombin\u00e1ci\u00f3j\u00e1nak k\u00f6sz\u00f6nhet\u0151. A r\u00e1di\u00f3frekvencia h\u0151energi\u00e1ja felgyors\u00edtja a zs\u00edrsejtek anyagcsere-folyamatait, amely jelent\u0151s m\u00e9rt\u00e9k\u0171 zs\u00edrleboml\u00e1shoz vezet.\nA V\u00e1kuum seg\u00edts\u00e9g\u00e9vel pedig a zs\u00edrsz\u00f6vetek sz\u00e9troncsol\u00f3dnak,ez pedig vizelet form\u00e1j\u00e1ban t\u00e1vozik a szervezetb\u0151l.<\/p>\n<p>Vacuum, pe de alt\u0103 parte, ajut\u0103 la descompunerea \u021besutului adipos, care este apoi excretat din organism sub form\u0103 de urin\u0103.<\/div> <!-- description --><\/div> <!-- aio-icon-box --><\/div> <!-- aio-icon-component --><div class=\"aio-icon-component    style_1\"><div id=\"Info-box-wrap-6111\" class=\"aio-icon-box default-icon\" style=\"\"  ><div class=\"aio-icon-header\" ><h2 class=\"aio-icon-title ult-responsive\"  data-ultimate-target='#Info-box-wrap-6111 .aio-icon-title'  data-responsive-json-new='{\"font-size\":\"\",\"line-height\":\"\"}'  style=\"\">EMS IZOMSTIMUL\u00c1L\u00d3 TESTKEZEL\u00c9S<\/h2><\/div> <!-- header --><div class=\"aio-icon-description ult-responsive\"  data-ultimate-target='#Info-box-wrap-6111 .aio-icon-description'  data-responsive-json-new='{\"font-size\":\"\",\"line-height\":\"\"}'  style=\"\">Az EMS k\u00e9sz\u00fcl\u00e9k l\u00e9nyege, hogy a b\u0151rre helyezett elektr\u00f3d\u00e1n kereszt\u00fcl elektromos impulzus juttat el a kezelt izom ter\u00fclet\u00e9re, mely erre \u00f6sszeh\u00faz\u00f3dik. Az elektr\u00f3d\u00e1kat mindig az izom hasra helyezz\u00fck. Az impulzusok a kezel\u00e9s sor\u00e1n az izom \u00f6sszer\u00e1ndul\u00e1s\u00e1t eredm\u00e9nyezik.\u2028Az elektromos izom stimul\u00e1ci\u00f3 sor\u00e1n az impulzus frekvenci\u00e1j\u00e1nak, intenzit\u00e1s\u00e1nak \u00e9s id\u0151tartam\u00e1nak szab\u00e1lyoz\u00e1s\u00e1val meghat\u00e1rozhat\u00f3, hogy milyen legyen az \u00f6sszeh\u00faz\u00f3d\u00e1s. A hat\u00e1s az impulzus be\u00e1ll\u00edt\u00e1s\u00e1nak megfelel\u0151 lesz.<\/p>\n<p style=\"text-align: left;\">\n<p style=\"text-align: left;\">Kinek aj\u00e1nlott az EMS izomstimul\u00e1ci\u00f3?<\/p>\n<ul>\n<li>Sz\u00fcl\u00e9s ut\u00e1n<\/li>\n<li>Kiv\u00e1l\u00f3 alakform\u00e1l\u00f3 m\u00f3dszer a terhess\u00e9g alatt a megny\u00falt sz\u00f6vetek helyre\u00e1ll\u00edt\u00e1s\u00e1ra, b\u0151r feszes\u00edt\u00e9s\u00e9re.<\/li>\n<li>Petyh\u00fcdt b\u0151r \u00e9s kar kezel\u00e9se.<\/li>\n<li>Zs\u00edr cs\u00f6kkent\u00e9se, kis id\u0151 r\u00e1ford\u00edt\u00e1ssal.<\/li>\n<li>T\u00fals\u00faly, Cellulit kezel\u00e9s\u00e9re \u00e9s elt\u00fcntet\u00e9s\u00e9re<\/li>\n<li>\u00a0A cellulitisz, vagy m\u00e1s n\u00e9ven a narancsb\u0151r, legink\u00e1bb a n\u0151k k\u00f6r\u00e9ben elterjedt makacs probl\u00e9ma. Az elektromos izom stimul\u00e1ci\u00f3 seg\u00edts\u00e9g\u00e9vel m\u00e1r megindult s\u00falyveszt\u00e9s vagy sz\u00fcl\u00e9s ut\u00e1n c\u00e9lzottan a sz\u00f6vetek helyre\u00e1ll\u00edt\u00e1sa a c\u00e9l.<\/li>\n<li>\u00a0Amat\u0151r sportol\u00f3k sz\u00e1m\u00e1ra\u00a0<\/li>\n<li>\u00a0A sportol\u00e1s ut\u00e1n gyors\u00edtja az izomregener\u00e1ci\u00f3t, egy sports\u00e9r\u00fcl\u00e9sb\u0151l val\u00f3 gyorsabb fel\u00e9p\u00fcl\u00e9st t\u00e1mogatja EMS technol\u00f3gia.<\/li>\n<li>\u00a0Profi sportol\u00f3k sz\u00e1m\u00e1ra<\/li>\n<li>\u00a0Accelereaz\u0103 regenerarea muscular\u0103 dup\u0103 exerci\u021bii fizice, sprijin\u0103 recuperarea mai rapid\u0103 dup\u0103 o accidentare sportiv\u0103 cu ajutorul tehnologiei EMS.<\/li>\n<li>Az iz\u00fcletek terhel\u00e9s\u00e9nek kik\u00fcsz\u00f6b\u00f6l\u00e9s\u00e9re<\/li>\n<li>\u00a0Izom \u00e9s \u00edz\u00fcleti betegs\u00e9gek<\/li>\n<li>Sz\u00e1mtalan olyan izom vagy \u00edz\u00fcleti betegs\u00e9g van, melyn\u00e9l szint\u00e9n az elektromos izomstimul\u00e1ci\u00f3t alkalmazni lehet.<\/li>\n<li>\u00a0Izomsorvad\u00e1s<\/li>\n<li>\u00a0B\u00e9nul\u00e1s k\u00fcl\u00f6nf\u00e9le form\u00e1i<\/li>\n<li>\u00a0M\u0171t\u00e9tek ut\u00e1ni\u00a0er\u0151visszanyer\u00e9s<\/li>\n<\/ul>\n<p><\/div> <!-- description --><\/div> <!-- aio-icon-box --><\/div> <!-- aio-icon-component --><div class=\"vc_row wpb_row vc_inner vc_row-fluid vc_custom_1490533369504\"><div class=\"wpb_column vc_column_container vc_col-sm-12 vc_col-has-fill\"><div class=\"vc_column-inner vc_custom_1518781869048\"><div class=\"wpb_wrapper\"><div id=\"ultimate-heading-627269d176baa1a75\" class=\"uvc-heading ult-adjust-bottom-margin ultimate-heading-627269d176baa1a75 uvc-6910\" data-hspacer=\"no_spacer\"  data-halign=\"left\" style=\"text-align:left\"><div class=\"uvc-heading-spacer no_spacer\" style=\"top\"><\/div><div class=\"uvc-main-heading ult-responsive\"  data-ultimate-target='.uvc-heading.ultimate-heading-627269d176baa1a75 h2'  data-responsive-json-new='{\"font-size\":\"desktop:24px;\",\"line-height\":\"desktop:34px;\"}' ><h2 style=\"--font-weight:theme;margin-bottom:20px;\">\u00c1rak<\/h2><\/div><\/div><div class=\"ult_pricing_table_wrap ult_design_1  ult-cs-custom\">\n\t\t\t\t<div class=\"ult_pricing_table\" style=\"background:#ea8f8f; \"><div class=\"ult_pricing_heading\" id=\"price-table-wrap-1279\">\n\t\t\t\t\t\t<h3 class=\"price-heading cust-headformat ult-responsive\"  data-ultimate-target='#price-table-wrap-1279 .cust-headformat'  data-responsive-json-new='{\"font-size\":\"\",\"line-height\":\"\"}'  style=\"font-weight:normal;\"> TRATAMENT S-SHAPE<\/h3><\/div><!--ult_pricing_heading--><div class=\"ult_price_body_block\">\n\t\t\t\t\t\t<div class=\"ult_price_body\">\n\t\t\t\t\t\t\t<div id=\"price-table-wrap-6110\" class=\"ult_price\">\n\t\t\t\t\t\t\t\t<span  data-ultimate-target='#price-table-wrap-6110 .ult_price_figure'  data-responsive-json-new='{\"font-size\":\"\",\"line-height\":\"\"}'  class=\"ult_price_figure ult-responsive\" style=\"font-weight:normal;\">150 Ron <\/span>\n\t\t\t\t\t\t\t\t<span  data-ultimate-target='#price-table-wrap-6110 .ult_price_term'  data-responsive-json-new='{\"font-size\":\"\",\"line-height\":\"\"}'  class=\"ult_price_term ult-responsive\" style=\"font-weight:normal;\"><\/span>\n\t\t\t\t\t\t\t<\/div>\n\t\t\t\t\t\t<\/div>\n\t\t\t\t\t<\/div><!--ult_price_body_block--><div id=\"price-table-features-wrap-1971\" class=\"ult_price_features ult-responsive\"  data-ultimate-target='#price-table-features-wrap-1971'  data-responsive-json-new='{\"font-size\":\"\",\"line-height\":\"\"}'  style=\"font-weight:normal;\">\n\t\t\t\t\t\t\n\t\t\t\t\t<\/div><!--ult_price_features--><div class=\"ult_clr\"><\/div>\n\t\t<\/div><!--pricing_table-->\n\t<\/div><!--pricing_table_wrap--><div class=\"ult_pricing_table_wrap ult_design_1  ult-cs-custom\">\n\t\t\t\t<div class=\"ult_pricing_table\" style=\"background:#ea8f8f; \"><div class=\"ult_pricing_heading\" id=\"price-table-wrap-2079\">\n\t\t\t\t\t\t<h3 class=\"price-heading cust-headformat ult-responsive\"  data-ultimate-target='#price-table-wrap-2079 .cust-headformat'  data-responsive-json-new='{\"font-size\":\"\",\"line-height\":\"\"}'  style=\"font-weight:normal;\">EMS IZOMSTIMUL\u00c1L\u00d3 TESTKEZEL\u00c9S<\/h3><\/div><!--ult_pricing_heading--><div class=\"ult_price_body_block\">\n\t\t\t\t\t\t<div class=\"ult_price_body\">\n\t\t\t\t\t\t\t<div id=\"price-table-wrap-2079\" class=\"ult_price\">\n\t\t\t\t\t\t\t\t<span  data-ultimate-target='#price-table-wrap-2079 .ult_price_figure'  data-responsive-json-new='{\"font-size\":\"\",\"line-height\":\"\"}'  class=\"ult_price_figure ult-responsive\" style=\"font-weight:normal;\">150 Ron <\/span>\n\t\t\t\t\t\t\t\t<span  data-ultimate-target='#price-table-wrap-2079 .ult_price_term'  data-responsive-json-new='{\"font-size\":\"\",\"line-height\":\"\"}'  class=\"ult_price_term ult-responsive\" style=\"font-weight:normal;\"><\/span>\n\t\t\t\t\t\t\t<\/div>\n\t\t\t\t\t\t<\/div>\n\t\t\t\t\t<\/div><!--ult_price_body_block--><div id=\"price-table-features-wrap-8222\" class=\"ult_price_features ult-responsive\"  data-ultimate-target='#price-table-features-wrap-8222'  data-responsive-json-new='{\"font-size\":\"\",\"line-height\":\"\"}'  style=\"font-weight:normal;\">\n\t\t\t\t\t\t\n\t\t\t\t\t<\/div><!--ult_price_features--><div class=\"ult_clr\"><\/div>\n\t\t<\/div><!--pricing_table-->\n\t<\/div><!--pricing_table_wrap--><\/div><\/div><\/div><\/div><\/div><\/div><\/div><\/div><div class=\"vc_row wpb_row vc_row-fluid\"><div class=\"wpb_column vc_column_container vc_col-sm-12\"><div class=\"vc_column-inner\"><div class=\"wpb_wrapper\"><\/div><\/div><\/div><\/div>","protected":false},"excerpt":{"rendered":"<p>Tratament S-Shape Eficacitatea dubl\u0103 a S-Shape se datoreaz\u0103 unei combina\u021bii de efecte care se consolideaz\u0103 reciproc. Energia termic\u0103 a radiofrecven\u021bei accelereaz\u0103 procesele metabolice ale celulelor adipoase, ceea ce duce la o descompunere semnificativ\u0103 a gr\u0103simii. Vacuum, pe de alt\u0103 parte, ajut\u0103 la descompunerea \u021besutului adipos, care este apoi excretat din organism sub form\u0103 de urin\u0103.&hellip;<\/p>","protected":false},"author":2,"featured_media":0,"parent":7,"menu_order":100,"comment_status":"closed","ping_status":"closed","template":"","meta":[],"yoast_head":"<!-- This site is optimized with the Yoast SEO plugin v17.5 - https:\/\/yoast.com\/wordpress\/plugins\/seo\/ -->\n<title>Tratament corporal - Smart Skin<\/title>\n<meta name=\"robots\" content=\"index, follow, max-snippet:-1, max-image-preview:large, max-video-preview:-1\" \/>\n<link rel=\"canonical\" href=\"https:\/\/smart-skin.ro\/hu\/services\/tratament-corporal\/\" \/>\n<meta property=\"og:locale\" content=\"hu_HU\" \/>\n<meta property=\"og:type\" content=\"article\" \/>\n<meta property=\"og:title\" content=\"Tratament corporal - Smart Skin\" \/>\n<meta property=\"og:url\" content=\"https:\/\/smart-skin.ro\/hu\/services\/tratament-corporal\/\" \/>\n<meta property=\"og:site_name\" content=\"Smart Skin\" \/>\n<meta property=\"article:modified_time\" content=\"2023-09-05T05:42:18+00:00\" \/>\n<meta name=\"twitter:card\" content=\"summary_large_image\" \/>\n<meta name=\"twitter:label1\" content=\"Becs\u00fclt olvas\u00e1si id\u0151\" \/>\n\t<meta name=\"twitter:data1\" content=\"2 perc\" \/>\n<script type=\"application\/ld+json\" class=\"yoast-schema-graph\">{\"@context\":\"https:\/\/schema.org\",\"@graph\":[{\"@type\":\"WebSite\",\"@id\":\"https:\/\/smart-skin.ro\/#website\",\"url\":\"https:\/\/smart-skin.ro\/\",\"name\":\"Smart Skin\",\"description\":\"Just another WordPress site\",\"potentialAction\":[{\"@type\":\"SearchAction\",\"target\":{\"@type\":\"EntryPoint\",\"urlTemplate\":\"https:\/\/smart-skin.ro\/?s={search_term_string}\"},\"query-input\":\"required name=search_term_string\"}],\"inLanguage\":\"hu\"},{\"@type\":\"WebPage\",\"@id\":\"https:\/\/smart-skin.ro\/services\/tratament-corporal\/#webpage\",\"url\":\"https:\/\/smart-skin.ro\/services\/tratament-corporal\/\",\"name\":\"Tratament corporal - Smart Skin\",\"isPartOf\":{\"@id\":\"https:\/\/smart-skin.ro\/#website\"},\"datePublished\":\"2023-08-14T08:48:49+00:00\",\"dateModified\":\"2023-09-05T05:42:18+00:00\",\"breadcrumb\":{\"@id\":\"https:\/\/smart-skin.ro\/services\/tratament-corporal\/#breadcrumb\"},\"inLanguage\":\"hu\",\"potentialAction\":[{\"@type\":\"ReadAction\",\"target\":[\"https:\/\/smart-skin.ro\/services\/tratament-corporal\/\"]}]},{\"@type\":\"BreadcrumbList\",\"@id\":\"https:\/\/smart-skin.ro\/services\/tratament-corporal\/#breadcrumb\",\"itemListElement\":[{\"@type\":\"ListItem\",\"position\":1,\"name\":\"Acas\\u0103\",\"item\":\"https:\/\/smart-skin.ro\/\"},{\"@type\":\"ListItem\",\"position\":2,\"name\":\"Servicii\",\"item\":\"https:\/\/smart-skin.ro\/services\/\"},{\"@type\":\"ListItem\",\"position\":3,\"name\":\"Tratament corporal\"}]}]}<\/script>\n<!-- \/ Yoast SEO plugin. -->","yoast_head_json":{"title":"Tratament corporal - Smart Skin","robots":{"index":"index","follow":"follow","max-snippet":"max-snippet:-1","max-image-preview":"max-image-preview:large","max-video-preview":"max-video-preview:-1"},"canonical":"https:\/\/smart-skin.ro\/hu\/services\/tratament-corporal\/","og_locale":"hu_HU","og_type":"article","og_title":"Tratament corporal - Smart Skin","og_url":"https:\/\/smart-skin.ro\/hu\/services\/tratament-corporal\/","og_site_name":"Smart Skin","article_modified_time":"2023-09-05T05:42:18+00:00","twitter_card":"summary_large_image","twitter_misc":{"Becs\u00fclt olvas\u00e1si id\u0151":"2 perc"},"schema":{"@context":"https:\/\/schema.org","@graph":[{"@type":"WebSite","@id":"https:\/\/smart-skin.ro\/#website","url":"https:\/\/smart-skin.ro\/","name":"Smart Skin","description":"Just another WordPress site","potentialAction":[{"@type":"SearchAction","target":{"@type":"EntryPoint","urlTemplate":"https:\/\/smart-skin.ro\/?s={search_term_string}"},"query-input":"required name=search_term_string"}],"inLanguage":"hu"},{"@type":"WebPage","@id":"https:\/\/smart-skin.ro\/services\/tratament-corporal\/#webpage","url":"https:\/\/smart-skin.ro\/services\/tratament-corporal\/","name":"Tratament corporal - Smart Skin","isPartOf":{"@id":"https:\/\/smart-skin.ro\/#website"},"datePublished":"2023-08-14T08:48:49+00:00","dateModified":"2023-09-05T05:42:18+00:00","breadcrumb":{"@id":"https:\/\/smart-skin.ro\/services\/tratament-corporal\/#breadcrumb"},"inLanguage":"hu","potentialAction":[{"@type":"ReadAction","target":["https:\/\/smart-skin.ro\/services\/tratament-corporal\/"]}]},{"@type":"BreadcrumbList","@id":"https:\/\/smart-skin.ro\/services\/tratament-corporal\/#breadcrumb","itemListElement":[{"@type":"ListItem","position":1,"name":"Acas\u0103","item":"https:\/\/smart-skin.ro\/"},{"@type":"ListItem","position":2,"name":"Servicii","item":"https:\/\/smart-skin.ro\/services\/"},{"@type":"ListItem","position":3,"name":"Tratament corporal"}]}]}},"_links":{"self":[{"href":"https:\/\/smart-skin.ro\/hu\/wp-json\/wp\/v2\/pages\/2204"}],"collection":[{"href":"https:\/\/smart-skin.ro\/hu\/wp-json\/wp\/v2\/pages"}],"about":[{"href":"https:\/\/smart-skin.ro\/hu\/wp-json\/wp\/v2\/types\/page"}],"author":[{"embeddable":true,"href":"https:\/\/smart-skin.ro\/hu\/wp-json\/wp\/v2\/users\/2"}],"replies":[{"embeddable":true,"href":"https:\/\/smart-skin.ro\/hu\/wp-json\/wp\/v2\/comments?post=2204"}],"version-history":[{"count":3,"href":"https:\/\/smart-skin.ro\/hu\/wp-json\/wp\/v2\/pages\/2204\/revisions"}],"predecessor-version":[{"id":2402,"href":"https:\/\/smart-skin.ro\/hu\/wp-json\/wp\/v2\/pages\/2204\/revisions\/2402"}],"up":[{"embeddable":true,"href":"https:\/\/smart-skin.ro\/hu\/wp-json\/wp\/v2\/pages\/7"}],"wp:attachment":[{"href":"https:\/\/smart-skin.ro\/hu\/wp-json\/wp\/v2\/media?parent=2204"}],"curies":[{"name":"wp","href":"https:\/\/api.w.org\/{rel}","templated":true}]}}