{"id":2143,"date":"2022-09-13T07:41:46","date_gmt":"2022-09-13T07:41:46","guid":{"rendered":"https:\/\/smart-skin.ro\/?page_id=2143"},"modified":"2023-09-05T05:44:56","modified_gmt":"2023-09-05T05:44:56","slug":"make-up","status":"publish","type":"page","link":"https:\/\/smart-skin.ro\/hu\/services\/make-up\/","title":{"rendered":"Smink"},"content":{"rendered":"<div class=\"vc_row wpb_row vc_row-fluid\"><div class=\"wpb_column vc_column_container vc_col-sm-12\"><div class=\"vc_column-inner\"><div class=\"wpb_wrapper\"><div id=\"ultimate-heading-779369d1737f52bf9\" class=\"uvc-heading ult-adjust-bottom-margin ultimate-heading-779369d1737f52bf9 uvc-6357 accent-title-color\" data-hspacer=\"no_spacer\"  data-halign=\"left\" style=\"text-align:left\"><div class=\"uvc-heading-spacer no_spacer\" style=\"top\"><\/div><div class=\"uvc-main-heading ult-responsive\"  data-ultimate-target='.uvc-heading.ultimate-heading-779369d1737f52bf9 h3'  data-responsive-json-new='{\"font-size\":\"desktop:24px;\",\"line-height\":\"desktop:34px;\"}' ><h3 style=\"--font-weight:theme;margin-bottom:20px;\">Smink b\u00e1rmilyen alkalomra!<\/h3><\/div><\/div><style type=\"text\/css\" data-type=\"the7_shortcodes-inline-css\">.gallery-carousel-shortcode.gallery-carousel-shortcode-id-b19de200d0b8e4737b246bf13dd87cdf .owl-nav a {\n  width: 40px;\n  height: 40px;\n  border-radius: 500px;\n}\n.dt-arrow-border-on.gallery-carousel-shortcode.gallery-carousel-shortcode-id-b19de200d0b8e4737b246bf13dd87cdf .owl-nav a:not(:hover):before {\n  border-width: 0px;\n}\n.dt-arrow-hover-border-on.gallery-carousel-shortcode.gallery-carousel-shortcode-id-b19de200d0b8e4737b246bf13dd87cdf .owl-nav a:hover:after {\n  border-width: 0px;\n}\n.gallery-carousel-shortcode.gallery-carousel-shortcode-id-b19de200d0b8e4737b246bf13dd87cdf .owl-nav a.owl-prev {\n  top: calc(100% + 20px);\n  left: 0px;\n}\n.gallery-carousel-shortcode.gallery-carousel-shortcode-id-b19de200d0b8e4737b246bf13dd87cdf .owl-nav a.owl-prev i {\n  padding: 0px 0px 0px 0px;\n}\n.gallery-carousel-shortcode.gallery-carousel-shortcode-id-b19de200d0b8e4737b246bf13dd87cdf .owl-nav a.owl-next {\n  top: calc(100% + 20px);\n  right: 0px;\n}\n.gallery-carousel-shortcode.gallery-carousel-shortcode-id-b19de200d0b8e4737b246bf13dd87cdf .owl-nav a.owl-next i {\n  padding: 0px 0px 0px 0px;\n}\n.gallery-carousel-shortcode.gallery-carousel-shortcode-id-b19de200d0b8e4737b246bf13dd87cdf .owl-nav i {\n  font-size: 24px;\n}\n.gallery-carousel-shortcode.gallery-carousel-shortcode-id-b19de200d0b8e4737b246bf13dd87cdf .owl-nav a:not(:hover) i,\n.gallery-carousel-shortcode.gallery-carousel-shortcode-id-b19de200d0b8e4737b246bf13dd87cdf .owl-nav a:not(:hover) i:before {\n  color: rgba(0,0,0,0.2);\n  background: none;\n}\n.gallery-carousel-shortcode.gallery-carousel-shortcode-id-b19de200d0b8e4737b246bf13dd87cdf .owl-nav a:hover i,\n.gallery-carousel-shortcode.gallery-carousel-shortcode-id-b19de200d0b8e4737b246bf13dd87cdf .owl-nav a:hover i:before {\n  color: rgba(0,0,0,0.3);\n  background: none;\n}\n.gallery-carousel-shortcode.gallery-carousel-shortcode-id-b19de200d0b8e4737b246bf13dd87cdf .owl-dots {\n  top: calc(100% + 20px);\n  left: 50%;\n  transform: translateX(calc(-50% + 0px));\n}\n@media all and (-ms-high-contrast: none) {\n  .gallery-carousel-shortcode.gallery-carousel-shortcode-id-b19de200d0b8e4737b246bf13dd87cdf .owl-dots {\n    transform: translateX(-50%);\n    margin-left: 0px;\n  }\n}\n.gallery-carousel-shortcode.gallery-carousel-shortcode-id-b19de200d0b8e4737b246bf13dd87cdf .owl-dot {\n  width: 8px;\n  height: 8px;\n  margin: 0 6px;\n}\n.bullets-scale-up.gallery-carousel-shortcode.gallery-carousel-shortcode-id-b19de200d0b8e4737b246bf13dd87cdf .owl-dot:not(.active):not(:hover) span {\n  background: rgba(0,0,0,0.2);\n  box-shadow: none;\n}\n.bullets-scale-up.gallery-carousel-shortcode.gallery-carousel-shortcode-id-b19de200d0b8e4737b246bf13dd87cdf .owl-dot:not(.active):hover span,\n.bullets-scale-up.gallery-carousel-shortcode.gallery-carousel-shortcode-id-b19de200d0b8e4737b246bf13dd87cdf .owl-dot.active span {\n  background: rgba(0,0,0,0.3);\n  box-shadow: none;\n}\n.bullets-stroke.gallery-carousel-shortcode.gallery-carousel-shortcode-id-b19de200d0b8e4737b246bf13dd87cdf .owl-dot:not(.active):not(:hover) span {\n  background: rgba(0,0,0,0.2);\n  box-shadow: none;\n}\n.bullets-stroke.gallery-carousel-shortcode.gallery-carousel-shortcode-id-b19de200d0b8e4737b246bf13dd87cdf .owl-dot:not(.active):hover span {\n  background: rgba(0,0,0,0.3);\n  box-shadow: none;\n}\n.bullets-stroke.gallery-carousel-shortcode.gallery-carousel-shortcode-id-b19de200d0b8e4737b246bf13dd87cdf .owl-dot.active span {\n  box-shadow: 0 0 0 2px rgba(0,0,0,0.3);\n}\n.bullets-fill-in.gallery-carousel-shortcode.gallery-carousel-shortcode-id-b19de200d0b8e4737b246bf13dd87cdf .owl-dot:not(.active):not(:hover) span {\n  box-shadow: inset 0 0 0 2px rgba(0,0,0,0.2);\n}\n.bullets-fill-in.gallery-carousel-shortcode.gallery-carousel-shortcode-id-b19de200d0b8e4737b246bf13dd87cdf .owl-dot:not(.active):hover span {\n  box-shadow: inset 0 0 0 2px rgba(0,0,0,0.3);\n}\n.bullets-fill-in.gallery-carousel-shortcode.gallery-carousel-shortcode-id-b19de200d0b8e4737b246bf13dd87cdf .owl-dot.active span {\n  box-shadow: inset 0 0 0 20px rgba(0,0,0,0.3);\n}\n.bullets-small-dot-stroke.gallery-carousel-shortcode.gallery-carousel-shortcode-id-b19de200d0b8e4737b246bf13dd87cdf .owl-dot:not(.active):not(:hover) span {\n  background: rgba(0,0,0,0.2);\n  box-shadow: none;\n}\n.bullets-small-dot-stroke.gallery-carousel-shortcode.gallery-carousel-shortcode-id-b19de200d0b8e4737b246bf13dd87cdf .owl-dot:not(.active):hover span,\n.bullets-small-dot-stroke.gallery-carousel-shortcode.gallery-carousel-shortcode-id-b19de200d0b8e4737b246bf13dd87cdf .owl-dot.active span {\n  background: rgba(0,0,0,0.3);\n  box-shadow: none;\n}\n.bullets-small-dot-stroke.gallery-carousel-shortcode.gallery-carousel-shortcode-id-b19de200d0b8e4737b246bf13dd87cdf .owl-dot.active {\n  box-shadow: 0 0 0 2px rgba(0,0,0,0.3);\n}\n.bullets-ubax.gallery-carousel-shortcode.gallery-carousel-shortcode-id-b19de200d0b8e4737b246bf13dd87cdf .owl-dot span {\n  background: rgba(0,0,0,0.2);\n  box-shadow: none;\n}\n.bullets-ubax.gallery-carousel-shortcode.gallery-carousel-shortcode-id-b19de200d0b8e4737b246bf13dd87cdf .owl-dot.active span {\n  border-color: rgba(0,0,0,0.3);\n}\n.bullets-ubax.gallery-carousel-shortcode.gallery-carousel-shortcode-id-b19de200d0b8e4737b246bf13dd87cdf .owl-dot:not(.active):hover span {\n  background: rgba(0,0,0,0.3);\n  box-shadow: none;\n}\n.bullets-etefu.gallery-carousel-shortcode.gallery-carousel-shortcode-id-b19de200d0b8e4737b246bf13dd87cdf .owl-dot span {\n  background: rgba(0,0,0,0.2);\n  box-shadow: none;\n}\n.bullets-etefu.gallery-carousel-shortcode.gallery-carousel-shortcode-id-b19de200d0b8e4737b246bf13dd87cdf .owl-dot:not(.active):hover span {\n  background: rgba(0,0,0,0.3);\n  box-shadow: none;\n}\n.bullets-etefu.gallery-carousel-shortcode.gallery-carousel-shortcode-id-b19de200d0b8e4737b246bf13dd87cdf .owl-dot span:before {\n  background: rgba(0,0,0,0.3);\n  box-shadow: none;\n}\n.accent-gradient .bullets-etefu.gallery-carousel-shortcode.gallery-carousel-shortcode-id-b19de200d0b8e4737b246bf13dd87cdf .owl-dot span:before {\n  background: rgba(0,0,0,0.3);\n  box-shadow: none;\n}\n@media screen and (max-width: 778px) {\n  .gallery-carousel-shortcode.gallery-carousel-shortcode-id-b19de200d0b8e4737b246bf13dd87cdf.hide-arrows .owl-nav a {\n    display: none;\n  }\n}\n@media screen and (max-width: 778px) {\n  .gallery-carousel-shortcode.gallery-carousel-shortcode-id-b19de200d0b8e4737b246bf13dd87cdf.reposition-arrows .owl-nav .owl-prev {\n    top: calc(100% + 20px);\n    left: 10px;\n  }\n  .gallery-carousel-shortcode.gallery-carousel-shortcode-id-b19de200d0b8e4737b246bf13dd87cdf.reposition-arrows .owl-nav .owl-next {\n    top: calc(100% + 20px);\n    right: 10px;\n  }\n}\n.gallery-carousel-shortcode.gallery-carousel-shortcode-id-b19de200d0b8e4737b246bf13dd87cdf figure,\n.gallery-carousel-shortcode.gallery-carousel-shortcode-id-b19de200d0b8e4737b246bf13dd87cdf .rollover,\n.gallery-carousel-shortcode.gallery-carousel-shortcode-id-b19de200d0b8e4737b246bf13dd87cdf img,\n.gallery-carousel-shortcode.gallery-carousel-shortcode-id-b19de200d0b8e4737b246bf13dd87cdf .gallery-rollover {\n  border-radius: 0px;\n}\n.gallery-carousel-shortcode.gallery-carousel-shortcode-id-b19de200d0b8e4737b246bf13dd87cdf.enable-bg-rollover .gallery-rollover {\n  background: -webkit-linear-gradient();\n  background: linear-gradient();\n}\n.gallery-carousel-shortcode.gallery-carousel-shortcode-id-b19de200d0b8e4737b246bf13dd87cdf.enable-img-shadow .owl-stage-outer {\n  padding: 34px 0;\n}\n.gallery-carousel-shortcode.gallery-carousel-shortcode-id-b19de200d0b8e4737b246bf13dd87cdf.enable-bg-rollover.hover-scale figure .rollover:after {\n  background: -webkit-linear-gradient();\n  background: linear-gradient();\n}\n.gallery-carousel-shortcode.gallery-carousel-shortcode-id-b19de200d0b8e4737b246bf13dd87cdf.gallery-shortcode .gallery-zoom-ico {\n  width: 44px;\n  height: 44px;\n  line-height: 44px;\n  border-radius: 100px;\n  margin: -22px 0 0 -22px;\n  border-width: 0px;\n}\n.dt-icon-bg-on.gallery-carousel-shortcode.gallery-carousel-shortcode-id-b19de200d0b8e4737b246bf13dd87cdf.gallery-shortcode .gallery-zoom-ico {\n  background: rgba(255,255,255,0.3);\n  box-shadow: none;\n}\n.gallery-carousel-shortcode.gallery-carousel-shortcode-id-b19de200d0b8e4737b246bf13dd87cdf.gallery-shortcode .gallery-zoom-ico:before,\n.gallery-carousel-shortcode.gallery-carousel-shortcode-id-b19de200d0b8e4737b246bf13dd87cdf.gallery-shortcode .gallery-zoom-ico span {\n  font-size: 32px;\n  line-height: 44px;\n  color: #ffffff;\n  background: none;\n}\n<\/style><div class=\"owl-carousel gallery-carousel-shortcode gallery-shortcode  dt-gallery-container dt-owl-carousel-call gallery-carousel-shortcode-id-b19de200d0b8e4737b246bf13dd87cdf scale-img meta-info-off bullets-scale-up dt-icon-bg-off arrows-bg-off disable-arrows-hover-bg arrows-hover-bg-off  vc_custom_1692693623406 hover-fade\" data-scroll-mode=\"1\" data-col-num=\"2\" data-wide-col-num=\"2\" data-laptop-col=\"2\" data-h-tablet-columns-num=\"2\" data-v-tablet-columns-num=\"1\" data-phone-columns-num=\"1\" data-col-gap=\"30\" data-stage-padding=\"0\" data-speed=\"1000\" data-autoplay=\"false\" data-autoplay_speed=\"6000\" data-arrows=\"true\" data-bullet=\"true\" data-next-icon=\"icon-ar-013-r\" data-prev-icon=\"icon-ar-013-l\" data-img-shadow-size=\"12px\" data-img-shadow-spread=\"3px\"><div data-post-id=\"2349\" data-date=\"2023-08-22T08:40:06+00:00\" data-name=\"WhatsApp Image 2023-08-22 at 11.15.44\"><figure class=\"post\"><a href=\"https:\/\/smart-skin.ro\/wp-content\/uploads\/2023\/08\/WhatsApp-Image-2023-08-22-at-11.15.44.jpg\" class=\"rollover dt-pswp-item layzr-bg\" data-large_image_width=\"1179\" data-large_image_height=\"1168\" data-dt-img-description=\"\" title=\"WhatsApp Image 2023-08-22 at 11.15.44\"><img class=\"preload-me owl-lazy-load\" src=\"data:image\/svg+xml,%3Csvg%20xmlns%3D&#39;http%3A%2F%2Fwww.w3.org%2F2000%2Fsvg&#39;%20viewBox%3D&#39;0%200%201168%201168&#39;%2F%3E\" data-src=\"https:\/\/smart-skin.ro\/wp-content\/uploads\/2023\/08\/WhatsApp-Image-2023-08-22-at-11.15.44-1168x1168.jpg\" data-srcset=\"https:\/\/smart-skin.ro\/wp-content\/uploads\/2023\/08\/WhatsApp-Image-2023-08-22-at-11.15.44-1168x1168.jpg 1168w\" alt=\"\" width=\"1168\" height=\"1168\"  \/><span class=\"gallery-rollover\"><\/span><\/a><\/figure><\/div><div data-post-id=\"2350\" data-date=\"2023-08-22T08:40:09+00:00\" data-name=\"WhatsApp Image 2023-08-22 at 11.15.48\"><figure class=\"post\"><a href=\"https:\/\/smart-skin.ro\/wp-content\/uploads\/2023\/08\/WhatsApp-Image-2023-08-22-at-11.15.48.jpg\" class=\"rollover dt-pswp-item layzr-bg\" data-large_image_width=\"1179\" data-large_image_height=\"1182\" data-dt-img-description=\"\" title=\"WhatsApp Image 2023-08-22 at 11.15.48\"><img class=\"preload-me owl-lazy-load\" src=\"data:image\/svg+xml,%3Csvg%20xmlns%3D&#39;http%3A%2F%2Fwww.w3.org%2F2000%2Fsvg&#39;%20viewBox%3D&#39;0%200%201179%201179&#39;%2F%3E\" data-src=\"https:\/\/smart-skin.ro\/wp-content\/uploads\/2023\/08\/WhatsApp-Image-2023-08-22-at-11.15.48-1179x1179.jpg\" data-srcset=\"https:\/\/smart-skin.ro\/wp-content\/uploads\/2023\/08\/WhatsApp-Image-2023-08-22-at-11.15.48-1179x1179.jpg 1179w\" alt=\"\" width=\"1179\" height=\"1179\"  \/><span class=\"gallery-rollover\"><\/span><\/a><\/figure><\/div><div data-post-id=\"2351\" data-date=\"2023-08-22T08:40:12+00:00\" data-name=\"WhatsApp Image 2023-08-22 at 11.15.54\"><figure class=\"post\"><a href=\"https:\/\/smart-skin.ro\/wp-content\/uploads\/2023\/08\/WhatsApp-Image-2023-08-22-at-11.15.54.jpg\" class=\"rollover dt-pswp-item layzr-bg\" data-large_image_width=\"1016\" data-large_image_height=\"1479\" data-dt-img-description=\"\" title=\"WhatsApp Image 2023-08-22 at 11.15.54\"><img class=\"preload-me owl-lazy-load\" src=\"data:image\/svg+xml,%3Csvg%20xmlns%3D&#39;http%3A%2F%2Fwww.w3.org%2F2000%2Fsvg&#39;%20viewBox%3D&#39;0%200%201016%201016&#39;%2F%3E\" data-src=\"https:\/\/smart-skin.ro\/wp-content\/uploads\/2023\/08\/WhatsApp-Image-2023-08-22-at-11.15.54-1016x1016.jpg\" data-srcset=\"https:\/\/smart-skin.ro\/wp-content\/uploads\/2023\/08\/WhatsApp-Image-2023-08-22-at-11.15.54-1016x1016.jpg 1016w\" alt=\"\" width=\"1016\" height=\"1016\"  \/><span class=\"gallery-rollover\"><\/span><\/a><\/figure><\/div><\/div>\n\t<div class=\"wpb_text_column wpb_content_element  vc_custom_1692687074259\" >\n\t\t<div class=\"wpb_wrapper\">\n\t\t\t<p>A Smart Skin szalonban smink- \u00e9s sz\u00e9ps\u00e9g\u00e1pol\u00e1si szolg\u00e1ltat\u00e1sokat vehet ig\u00e9nybe, \u00edgy kellemes \u00e9s f\u00e9ny\u0171z\u0151 k\u00f6rnyezetben pihenhet, \u00e9s \u00e9lvezheti a kezel\u00e9seket.<\/p>\n<p>Ak\u00e1r esk\u00fcv\u0151re, egy k\u00fcl\u00f6nleges partira, b\u00e1lra, egy fontos \u00e1ll\u00e1sinterj\u00fara k\u00e9sz\u00fcl, vagy esetleg egy esti sz\u00f3rakoz\u00e1st tervez, mi\u00e9rt ne k\u00e9nyeztetn\u00e9 mag\u00e1t profi sminkkel? B\u00e1rmilyen alkalomr\u00f3l legyen is sz\u00f3, a megfelel\u0151 megjelen\u00e9st kapja, \u00e9s leny\u0171g\u00f6z\u0151en \u00e9s mes\u00e9sen fog t\u00e1vozni.<\/p>\n\n\t\t<\/div>\n\t<\/div>\n<div class=\"vc_row wpb_row vc_inner vc_row-fluid vc_custom_1490533369504\"><div class=\"wpb_column vc_column_container vc_col-sm-12 vc_col-has-fill\"><div class=\"vc_column-inner vc_custom_1518781869048\"><div class=\"wpb_wrapper\"><div id=\"ultimate-heading-869069d1737f5c992\" class=\"uvc-heading ult-adjust-bottom-margin ultimate-heading-869069d1737f5c992 uvc-2979\" data-hspacer=\"no_spacer\"  data-halign=\"left\" style=\"text-align:left\"><div class=\"uvc-heading-spacer no_spacer\" style=\"top\"><\/div><div class=\"uvc-main-heading ult-responsive\"  data-ultimate-target='.uvc-heading.ultimate-heading-869069d1737f5c992 h2'  data-responsive-json-new='{\"font-size\":\"desktop:24px;\",\"line-height\":\"desktop:34px;\"}' ><h2 style=\"--font-weight:theme;margin-bottom:20px;\">\u00c1rak<\/h2><\/div><\/div><div class=\"ult_pricing_table_wrap ult_design_1  ult-cs-custom\">\n\t\t\t\t<div class=\"ult_pricing_table\" style=\"background:#ea8f8f; \"><div class=\"ult_pricing_heading\" id=\"price-table-wrap-2504\">\n\t\t\t\t\t\t<h3 class=\"price-heading cust-headformat ult-responsive\"  data-ultimate-target='#price-table-wrap-2504 .cust-headformat'  data-responsive-json-new='{\"font-size\":\"\",\"line-height\":\"\"}'  style=\"font-weight:normal;\">Alkalmi smink<\/h3><\/div><!--ult_pricing_heading--><div class=\"ult_price_body_block\">\n\t\t\t\t\t\t<div class=\"ult_price_body\">\n\t\t\t\t\t\t\t<div id=\"price-table-wrap-1317\" class=\"ult_price\">\n\t\t\t\t\t\t\t\t<span  data-ultimate-target='#price-table-wrap-1317 .ult_price_figure'  data-responsive-json-new='{\"font-size\":\"\",\"line-height\":\"\"}'  class=\"ult_price_figure ult-responsive\" style=\"font-weight:normal;\">150 Ron  <\/span>\n\t\t\t\t\t\t\t\t<span  data-ultimate-target='#price-table-wrap-1317 .ult_price_term'  data-responsive-json-new='{\"font-size\":\"\",\"line-height\":\"\"}'  class=\"ult_price_term ult-responsive\" style=\"font-weight:normal;\"><\/span>\n\t\t\t\t\t\t\t<\/div>\n\t\t\t\t\t\t<\/div>\n\t\t\t\t\t<\/div><!--ult_price_body_block--><div id=\"price-table-features-wrap-5679\" class=\"ult_price_features ult-responsive\"  data-ultimate-target='#price-table-features-wrap-5679'  data-responsive-json-new='{\"font-size\":\"\",\"line-height\":\"\"}'  style=\"font-weight:normal;\">\n\t\t\t\t\t\t\n\t\t\t\t\t<\/div><!--ult_price_features--><div class=\"ult_clr\"><\/div>\n\t\t<\/div><!--pricing_table-->\n\t<\/div><!--pricing_table_wrap--><div class=\"ult_pricing_table_wrap ult_design_1  ult-cs-custom\">\n\t\t\t\t<div class=\"ult_pricing_table\" style=\"background:#ea8f8f; \"><div class=\"ult_pricing_heading\" id=\"price-table-wrap-8676\">\n\t\t\t\t\t\t<h3 class=\"price-heading cust-headformat ult-responsive\"  data-ultimate-target='#price-table-wrap-8676 .cust-headformat'  data-responsive-json-new='{\"font-size\":\"\",\"line-height\":\"\"}'  style=\"font-weight:normal;\"> Menyasszonyi pr\u00f3ba smink<\/h3><\/div><!--ult_pricing_heading--><div class=\"ult_price_body_block\">\n\t\t\t\t\t\t<div class=\"ult_price_body\">\n\t\t\t\t\t\t\t<div id=\"price-table-wrap-2771\" class=\"ult_price\">\n\t\t\t\t\t\t\t\t<span  data-ultimate-target='#price-table-wrap-2771 .ult_price_figure'  data-responsive-json-new='{\"font-size\":\"\",\"line-height\":\"\"}'  class=\"ult_price_figure ult-responsive\" style=\"font-weight:normal;\">150 Ron  <\/span>\n\t\t\t\t\t\t\t\t<span  data-ultimate-target='#price-table-wrap-2771 .ult_price_term'  data-responsive-json-new='{\"font-size\":\"\",\"line-height\":\"\"}'  class=\"ult_price_term ult-responsive\" style=\"font-weight:normal;\"><\/span>\n\t\t\t\t\t\t\t<\/div>\n\t\t\t\t\t\t<\/div>\n\t\t\t\t\t<\/div><!--ult_price_body_block--><div id=\"price-table-features-wrap-7195\" class=\"ult_price_features ult-responsive\"  data-ultimate-target='#price-table-features-wrap-7195'  data-responsive-json-new='{\"font-size\":\"\",\"line-height\":\"\"}'  style=\"font-weight:normal;\">\n\t\t\t\t\t\t\n\t\t\t\t\t<\/div><!--ult_price_features--><div class=\"ult_clr\"><\/div>\n\t\t<\/div><!--pricing_table-->\n\t<\/div><!--pricing_table_wrap--><div class=\"ult_pricing_table_wrap ult_design_1  ult-cs-custom\">\n\t\t\t\t<div class=\"ult_pricing_table\" style=\"background:#ea8f8f; \"><div class=\"ult_pricing_heading\" id=\"price-table-wrap-9484\">\n\t\t\t\t\t\t<h3 class=\"price-heading cust-headformat ult-responsive\"  data-ultimate-target='#price-table-wrap-9484 .cust-headformat'  data-responsive-json-new='{\"font-size\":\"\",\"line-height\":\"\"}'  style=\"font-weight:normal;\">Menyasszonyi smink<\/h3><\/div><!--ult_pricing_heading--><div class=\"ult_price_body_block\">\n\t\t\t\t\t\t<div class=\"ult_price_body\">\n\t\t\t\t\t\t\t<div id=\"price-table-wrap-2611\" class=\"ult_price\">\n\t\t\t\t\t\t\t\t<span  data-ultimate-target='#price-table-wrap-2611 .ult_price_figure'  data-responsive-json-new='{\"font-size\":\"\",\"line-height\":\"\"}'  class=\"ult_price_figure ult-responsive\" style=\"font-weight:normal;\">200 Ron  <\/span>\n\t\t\t\t\t\t\t\t<span  data-ultimate-target='#price-table-wrap-2611 .ult_price_term'  data-responsive-json-new='{\"font-size\":\"\",\"line-height\":\"\"}'  class=\"ult_price_term ult-responsive\" style=\"font-weight:normal;\"><\/span>\n\t\t\t\t\t\t\t<\/div>\n\t\t\t\t\t\t<\/div>\n\t\t\t\t\t<\/div><!--ult_price_body_block--><div id=\"price-table-features-wrap-6776\" class=\"ult_price_features ult-responsive\"  data-ultimate-target='#price-table-features-wrap-6776'  data-responsive-json-new='{\"font-size\":\"\",\"line-height\":\"\"}'  style=\"font-weight:normal;\">\n\t\t\t\t\t\t\n\t\t\t\t\t<\/div><!--ult_price_features--><div class=\"ult_clr\"><\/div>\n\t\t<\/div><!--pricing_table-->\n\t<\/div><!--pricing_table_wrap--><\/div><\/div><\/div><\/div><\/div><\/div><\/div><\/div><div class=\"vc_row wpb_row vc_row-fluid\"><div class=\"wpb_column vc_column_container vc_col-sm-12\"><div class=\"vc_column-inner\"><div class=\"wpb_wrapper\"><\/div><\/div><\/div><\/div>","protected":false},"excerpt":{"rendered":"<p>Machiaj pentru orice ocazie! Salonul Smart Skin este echipat pentru servicii de machiaj \u0219i tratamente de \u00eenfrumuse\u021bare, astfel \u00eenc\u00e2t s\u0103 te po\u021bi relaxa, \u0219i s\u0103 te bucuri de tratamente \u00eentr-un medii pl\u0103cut \u0219i de lux. Fie c\u0103 participi la o nunt\u0103, o petrecere special\u0103, un bal de absolvire, un interviu important pentru un loc de&hellip;<\/p>","protected":false},"author":1,"featured_media":0,"parent":7,"menu_order":100,"comment_status":"closed","ping_status":"closed","template":"","meta":[],"yoast_head":"<!-- This site is optimized with the Yoast SEO plugin v17.5 - https:\/\/yoast.com\/wordpress\/plugins\/seo\/ -->\n<title>Makeup - Smart Skin<\/title>\n<meta name=\"robots\" content=\"index, follow, max-snippet:-1, max-image-preview:large, max-video-preview:-1\" \/>\n<link rel=\"canonical\" href=\"https:\/\/smart-skin.ro\/hu\/services\/make-up\/\" \/>\n<meta property=\"og:locale\" content=\"hu_HU\" \/>\n<meta property=\"og:type\" content=\"article\" \/>\n<meta property=\"og:title\" content=\"Makeup - Smart Skin\" \/>\n<meta property=\"og:url\" content=\"https:\/\/smart-skin.ro\/hu\/services\/make-up\/\" \/>\n<meta property=\"og:site_name\" content=\"Smart Skin\" \/>\n<meta property=\"article:modified_time\" content=\"2023-09-05T05:44:56+00:00\" \/>\n<meta name=\"twitter:card\" content=\"summary_large_image\" \/>\n<meta name=\"twitter:label1\" content=\"Becs\u00fclt olvas\u00e1si id\u0151\" \/>\n\t<meta name=\"twitter:data1\" content=\"2 perc\" \/>\n<script type=\"application\/ld+json\" class=\"yoast-schema-graph\">{\"@context\":\"https:\/\/schema.org\",\"@graph\":[{\"@type\":\"WebSite\",\"@id\":\"https:\/\/smart-skin.ro\/#website\",\"url\":\"https:\/\/smart-skin.ro\/\",\"name\":\"Smart Skin\",\"description\":\"Just another WordPress site\",\"potentialAction\":[{\"@type\":\"SearchAction\",\"target\":{\"@type\":\"EntryPoint\",\"urlTemplate\":\"https:\/\/smart-skin.ro\/?s={search_term_string}\"},\"query-input\":\"required name=search_term_string\"}],\"inLanguage\":\"hu\"},{\"@type\":\"WebPage\",\"@id\":\"https:\/\/smart-skin.ro\/services\/make-up\/#webpage\",\"url\":\"https:\/\/smart-skin.ro\/services\/make-up\/\",\"name\":\"Makeup - Smart Skin\",\"isPartOf\":{\"@id\":\"https:\/\/smart-skin.ro\/#website\"},\"datePublished\":\"2022-09-13T07:41:46+00:00\",\"dateModified\":\"2023-09-05T05:44:56+00:00\",\"breadcrumb\":{\"@id\":\"https:\/\/smart-skin.ro\/services\/make-up\/#breadcrumb\"},\"inLanguage\":\"hu\",\"potentialAction\":[{\"@type\":\"ReadAction\",\"target\":[\"https:\/\/smart-skin.ro\/services\/make-up\/\"]}]},{\"@type\":\"BreadcrumbList\",\"@id\":\"https:\/\/smart-skin.ro\/services\/make-up\/#breadcrumb\",\"itemListElement\":[{\"@type\":\"ListItem\",\"position\":1,\"name\":\"Acas\\u0103\",\"item\":\"https:\/\/smart-skin.ro\/\"},{\"@type\":\"ListItem\",\"position\":2,\"name\":\"Servicii\",\"item\":\"https:\/\/smart-skin.ro\/services\/\"},{\"@type\":\"ListItem\",\"position\":3,\"name\":\"Makeup\"}]}]}<\/script>\n<!-- \/ Yoast SEO plugin. -->","yoast_head_json":{"title":"Makeup - Smart Skin","robots":{"index":"index","follow":"follow","max-snippet":"max-snippet:-1","max-image-preview":"max-image-preview:large","max-video-preview":"max-video-preview:-1"},"canonical":"https:\/\/smart-skin.ro\/hu\/services\/make-up\/","og_locale":"hu_HU","og_type":"article","og_title":"Makeup - Smart Skin","og_url":"https:\/\/smart-skin.ro\/hu\/services\/make-up\/","og_site_name":"Smart Skin","article_modified_time":"2023-09-05T05:44:56+00:00","twitter_card":"summary_large_image","twitter_misc":{"Becs\u00fclt olvas\u00e1si id\u0151":"2 perc"},"schema":{"@context":"https:\/\/schema.org","@graph":[{"@type":"WebSite","@id":"https:\/\/smart-skin.ro\/#website","url":"https:\/\/smart-skin.ro\/","name":"Smart Skin","description":"Just another WordPress site","potentialAction":[{"@type":"SearchAction","target":{"@type":"EntryPoint","urlTemplate":"https:\/\/smart-skin.ro\/?s={search_term_string}"},"query-input":"required name=search_term_string"}],"inLanguage":"hu"},{"@type":"WebPage","@id":"https:\/\/smart-skin.ro\/services\/make-up\/#webpage","url":"https:\/\/smart-skin.ro\/services\/make-up\/","name":"Makeup - Smart Skin","isPartOf":{"@id":"https:\/\/smart-skin.ro\/#website"},"datePublished":"2022-09-13T07:41:46+00:00","dateModified":"2023-09-05T05:44:56+00:00","breadcrumb":{"@id":"https:\/\/smart-skin.ro\/services\/make-up\/#breadcrumb"},"inLanguage":"hu","potentialAction":[{"@type":"ReadAction","target":["https:\/\/smart-skin.ro\/services\/make-up\/"]}]},{"@type":"BreadcrumbList","@id":"https:\/\/smart-skin.ro\/services\/make-up\/#breadcrumb","itemListElement":[{"@type":"ListItem","position":1,"name":"Acas\u0103","item":"https:\/\/smart-skin.ro\/"},{"@type":"ListItem","position":2,"name":"Servicii","item":"https:\/\/smart-skin.ro\/services\/"},{"@type":"ListItem","position":3,"name":"Makeup"}]}]}},"_links":{"self":[{"href":"https:\/\/smart-skin.ro\/hu\/wp-json\/wp\/v2\/pages\/2143"}],"collection":[{"href":"https:\/\/smart-skin.ro\/hu\/wp-json\/wp\/v2\/pages"}],"about":[{"href":"https:\/\/smart-skin.ro\/hu\/wp-json\/wp\/v2\/types\/page"}],"author":[{"embeddable":true,"href":"https:\/\/smart-skin.ro\/hu\/wp-json\/wp\/v2\/users\/1"}],"replies":[{"embeddable":true,"href":"https:\/\/smart-skin.ro\/hu\/wp-json\/wp\/v2\/comments?post=2143"}],"version-history":[{"count":8,"href":"https:\/\/smart-skin.ro\/hu\/wp-json\/wp\/v2\/pages\/2143\/revisions"}],"predecessor-version":[{"id":2403,"href":"https:\/\/smart-skin.ro\/hu\/wp-json\/wp\/v2\/pages\/2143\/revisions\/2403"}],"up":[{"embeddable":true,"href":"https:\/\/smart-skin.ro\/hu\/wp-json\/wp\/v2\/pages\/7"}],"wp:attachment":[{"href":"https:\/\/smart-skin.ro\/hu\/wp-json\/wp\/v2\/media?parent=2143"}],"curies":[{"name":"wp","href":"https:\/\/api.w.org\/{rel}","templated":true}]}}